{"id":2608,"date":"2020-08-10T07:18:54","date_gmt":"2020-08-10T06:18:54","guid":{"rendered":"https:\/\/www.victorious-pharma.com\/projects\/"},"modified":"2025-06-10T11:34:18","modified_gmt":"2025-06-10T10:34:18","slug":"projekti","status":"publish","type":"page","link":"https:\/\/www.victorious-pharma.com\/sl\/projekti\/","title":{"rendered":"Projekti"},"content":{"rendered":"\t\t<div data-elementor-type=\"wp-page\" data-elementor-id=\"2608\" class=\"elementor elementor-2608 elementor-1358\">\n\t\t\t\t<div class=\"elementor-element elementor-element-c96e44a e-flex e-con-boxed xts-section-disabled e-con e-parent\" data-id=\"c96e44a\" data-element_type=\"container\">\n\t\t\t\t\t<div class=\"e-con-inner\">\n\t\t\t\t<div class=\"elementor-element elementor-element-f4ef61f xts-width-100 elementor-widget elementor-widget-xts_title\" data-id=\"f4ef61f\" data-element_type=\"widget\" data-widget_type=\"xts_title.default\">\n\t\t\t\t<div class=\"elementor-widget-container\">\n\t\t\t\t\t\t\t\t<div class=\"xts-section-heading xts-reset-mb-10 xts-reset-last xts-textalign-left\" data-animation-delay=\"\">\n\t\t\t\t\n\t\t\t\t\t\t\t\t\t<h1 class=\"xts-section-title title xts-design-default xts-fontsize-xxl\">\n\t\t\t\t\t\t<span class=\"xts-section-title-text\" data-elementor-setting-key=\"title\">\n\t\t\t\t\t\t\tProjekti\t\t\t\t\t\t<\/span>\n\n\t\t\t\t\t\t\t\t\t\t\t<\/h1>\n\t\t\t\t\n\t\t\t\t\n\t\t\t\t\t\t\t<\/div>\n\t\t\t\t\t\t<\/div>\n\t\t\t\t<\/div>\n\t\t\t\t\t<\/div>\n\t\t\t\t<\/div>\n\t\t<div class=\"elementor-element elementor-element-fd14dc1 e-flex e-con-boxed xts-section-disabled e-con e-parent\" data-id=\"fd14dc1\" data-element_type=\"container\">\n\t\t\t\t\t<div class=\"e-con-inner\">\n\t\t<div class=\"elementor-element elementor-element-1b0f001 e-con-full e-flex xts-section-disabled e-con e-child\" data-id=\"1b0f001\" data-element_type=\"container\">\n\t\t<div class=\"elementor-element elementor-element-34d6412 e-con-full e-flex xts-section-disabled e-con e-child\" data-id=\"34d6412\" data-element_type=\"container\">\n\t\t\t\t<div class=\"elementor-element elementor-element-db400a6 xts-width-100 elementor-widget elementor-widget-xts_title\" data-id=\"db400a6\" data-element_type=\"widget\" data-widget_type=\"xts_title.default\">\n\t\t\t\t<div class=\"elementor-widget-container\">\n\t\t\t\t\t\t\t\t<div class=\"xts-section-heading xts-reset-mb-10 xts-reset-last xts-textalign-left\" data-animation-delay=\"\">\n\t\t\t\t\n\t\t\t\t\t\t\t\t\t<h4 class=\"xts-section-title title xts-design-default xts-fontsize-xl\">\n\t\t\t\t\t\t<span class=\"xts-section-title-text\" data-elementor-setting-key=\"title\">\n\t\t\t\t\t\t\tUspe\u0161na uvedba Nasovitala v Avstriji - 2025\t\t\t\t\t\t<\/span>\n\n\t\t\t\t\t\t\t\t\t\t\t<\/h4>\n\t\t\t\t\n\t\t\t\t\n\t\t\t\t\t\t\t<\/div>\n\t\t\t\t\t\t<\/div>\n\t\t\t\t<\/div>\n\t\t\t\t<div class=\"elementor-element elementor-element-8d37b58 xts-scheme-inherit xts-textalign-inherit elementor-widget elementor-widget-text-editor\" data-id=\"8d37b58\" data-element_type=\"widget\" data-widget_type=\"text-editor.default\">\n\t\t\t\t<div class=\"elementor-widget-container\">\n\t\t\t\t\t\t\t\t\t<p><span>Leta 2025 je Victorious Pharma na avstrijski trg uspe\u0161no lansirala medicinski pripomo\u010dek\u00a0<\/span><strong><span>Nasovital<\/span><\/strong><span>\u00a0(sistem za izpiranje nosu). Po podpisu distribucijske pogodbe z na\u0161o stranko je bil izdelek predstavljen tako segmentom strank\u00a0<\/span><strong><span>B2B (lekarne, zdravstveni delavci)<\/span><\/strong><span>\u00a0kot segmentom strank\u00a0<\/span><strong><span>B2C<\/span><\/strong><span>\u00a0.<\/span><\/p><p><span>Projekt je zajemal\u00a0<\/span><strong><span>celoten \u017eivljenjski cikel lansiranja<\/span><\/strong><span>\u00a0\u2013 od analize trga in razvoja strategije do izvedbe in promocije. Na\u0161a ekipa je vodila proces od za\u010detka do konca, vklju\u010dno s pozicioniranjem, aktivacijo distribucijske verige, sodelovanjem s partnerji in ve\u010dkanalnim tr\u017eenjem, namenjenim tako potro\u0161nikom kot strokovnim dele\u017enikom.<\/span><\/p><p><span>Ta lansiranje je dokaz na\u0161e sposobnosti, da\u00a0<\/span><strong><span>strate\u0161ko vizijo pretvorimo v oprijemljive tr\u017ene rezultate<\/span><\/strong><span>\u00a0\u2013 hitro, u\u010dinkovito, v popolni skladnosti in z merljivim u\u010dinkom.<\/span><\/p>\t\t\t\t\t\t\t\t<\/div>\n\t\t\t\t<\/div>\n\t\t\t\t<div class=\"elementor-element elementor-element-9e6de6a xts-scheme-inherit xts-textalign-inherit elementor-widget elementor-widget-text-editor\" data-id=\"9e6de6a\" data-element_type=\"widget\" data-widget_type=\"text-editor.default\">\n\t\t\t\t<div class=\"elementor-widget-container\">\n\t\t\t\t\t\t\t\t\t<p><strong>Za ve\u010d informacij nas obi\u0161\u010dite na<\/strong>:\u00a0<a href=\"https:\/\/translate.google.com\/website?sl=en&amp;tl=sl&amp;hl=sl&amp;client=webapp&amp;u=https:\/\/www.nasovital.de\/\" target=\"_blank\" rel=\"noopener noreferrer nofollow\">www.nasovital.de<\/a><\/p>\t\t\t\t\t\t\t\t<\/div>\n\t\t\t\t<\/div>\n\t\t\t\t<\/div>\n\t\t<div class=\"elementor-element elementor-element-fb4aec3 e-con-full e-flex xts-section-disabled e-con e-child\" data-id=\"fb4aec3\" data-element_type=\"container\">\n\t\t\t\t<div class=\"elementor-element elementor-element-2b19b71 e-transform elementor-widget-tablet__width-initial elementor-widget elementor-widget-xts_image\" data-id=\"2b19b71\" data-element_type=\"widget\" data-settings=\"{&quot;_transform_scale_effect_hover&quot;:{&quot;unit&quot;:&quot;px&quot;,&quot;size&quot;:1.01,&quot;sizes&quot;:[]},&quot;_transform_scale_effect_hover_tablet&quot;:{&quot;unit&quot;:&quot;px&quot;,&quot;size&quot;:&quot;&quot;,&quot;sizes&quot;:[]},&quot;_transform_scale_effect_hover_mobile&quot;:{&quot;unit&quot;:&quot;px&quot;,&quot;size&quot;:&quot;&quot;,&quot;sizes&quot;:[]}}\" data-widget_type=\"xts_image.default\">\n\t\t\t\t<div class=\"elementor-widget-container\">\n\t\t\t\t\t\t\t\t<div class=\"xts-image-single xts-textalign-center\">\n\t\t\t\t<figure class=\"xts-image\">\n\t\t\t\t\t\t\t\t\t\t\t<a  href=\"https:\/\/www.nasovital.de\/\" target=\"_blank\" class=\"xts-image-inner\" rel=\"noopener noreferrer nofollow\">\n\t\t\t\t\t\n\t\t\t\t\t\t<img fetchpriority=\"high\" decoding=\"async\" width=\"1203\" height=\"1206\" src=\"https:\/\/www.victorious-pharma.com\/wp-content\/uploads\/2025\/05\/Nasovital-product-photo-GIG-17-transparent_2c.jpg\" class=\"attachment-full size-full wp-image-2220\" alt=\"\" srcset=\"https:\/\/www.victorious-pharma.com\/wp-content\/uploads\/2025\/05\/Nasovital-product-photo-GIG-17-transparent_2c.jpg 1203w, https:\/\/www.victorious-pharma.com\/wp-content\/uploads\/2025\/05\/Nasovital-product-photo-GIG-17-transparent_2c-500x500.jpg 500w, https:\/\/www.victorious-pharma.com\/wp-content\/uploads\/2025\/05\/Nasovital-product-photo-GIG-17-transparent_2c-1021x1024.jpg 1021w, https:\/\/www.victorious-pharma.com\/wp-content\/uploads\/2025\/05\/Nasovital-product-photo-GIG-17-transparent_2c-150x150.jpg 150w, https:\/\/www.victorious-pharma.com\/wp-content\/uploads\/2025\/05\/Nasovital-product-photo-GIG-17-transparent_2c-768x770.jpg 768w\" sizes=\"(max-width: 1203px) 100vw, 1203px\" \/>\n\t\t\t\t\t\t\t\t\t\t\t<\/a>\n\t\t\t\t\t\n\t\t\t\t\t\t\t\t\t<\/figure>\n\n\t\t\t\t\t\t\t<\/div>\n\t\t\t\t\t\t<\/div>\n\t\t\t\t<\/div>\n\t\t\t\t<\/div>\n\t\t\t\t<\/div>\n\t\t\t\t\t<\/div>\n\t\t\t\t<\/div>\n\t\t<div class=\"elementor-element elementor-element-20c650d e-flex e-con-boxed xts-section-disabled e-con e-parent\" data-id=\"20c650d\" data-element_type=\"container\">\n\t\t\t\t\t<div class=\"e-con-inner\">\n\t\t<div class=\"elementor-element elementor-element-386ee99 e-con-full e-flex xts-section-disabled e-con e-child\" data-id=\"386ee99\" data-element_type=\"container\" data-settings=\"{&quot;background_background&quot;:&quot;classic&quot;}\">\n\t\t\t\t<div class=\"elementor-element elementor-element-56bd1e9 xts-width-100 elementor-widget elementor-widget-xts_title\" data-id=\"56bd1e9\" data-element_type=\"widget\" data-widget_type=\"xts_title.default\">\n\t\t\t\t<div class=\"elementor-widget-container\">\n\t\t\t\t\t\t\t\t<div class=\"xts-section-heading xts-reset-mb-10 xts-reset-last xts-textalign-left\" data-animation-delay=\"\">\n\t\t\t\t\n\t\t\t\t\t\t\t\t\t<h4 class=\"xts-section-title title xts-design-default xts-fontsize-xxl\">\n\t\t\t\t\t\t<span class=\"xts-section-title-text\" data-elementor-setting-key=\"title\">\n\t\t\t\t\t\t\tPoenostavljamo vam pot <br>od inovacije do trga.\t\t\t\t\t\t<\/span>\n\n\t\t\t\t\t\t\t\t\t\t\t<\/h4>\n\t\t\t\t\n\t\t\t\t\n\t\t\t\t\t\t\t<\/div>\n\t\t\t\t\t\t<\/div>\n\t\t\t\t<\/div>\n\t\t\t\t<div class=\"elementor-element elementor-element-32708d6 elementor-widget elementor-widget-xts_button\" data-id=\"32708d6\" data-element_type=\"widget\" data-widget_type=\"xts_button.default\">\n\t\t\t\t<div class=\"elementor-widget-container\">\n\t\t\t\t\t\t\t\t<div class=\"xts-button-wrapper xts-textalign-left\" >\n\t\t\t\t\t\t\t\t\t<a class=\"xts-button xts-size-m xts-style-link xts-color-secondary\"  href=\"\/sl\/kontakt\/\">\n\t\t\t\t\t\t<span class=\"xts-button-text\" data-elementor-setting-key=\"button_text\">\n\t\t\t\t\t\t\tStopite v stik\t\t\t\t\t\t<\/span>\n\n\t\t\t\t\t\t\t\t\t\t\t<\/a>\n\t\t\t\t\t\t\t<\/div>\n\t\t\t\t\t\t<\/div>\n\t\t\t\t<\/div>\n\t\t\t\t<\/div>\n\t\t<div class=\"elementor-element elementor-element-093aaf3 e-con-full e-flex xts-section-disabled e-con e-child\" data-id=\"093aaf3\" data-element_type=\"container\">\n\t\t\t\t<div class=\"elementor-element elementor-element-a214509 xts-animation-zoom-in xts-animation-normal elementor-widget elementor-widget-xts_image\" data-id=\"a214509\" data-element_type=\"widget\" data-widget_type=\"xts_image.default\">\n\t\t\t\t<div class=\"elementor-widget-container\">\n\t\t\t\t\t\t\t\t<div class=\"xts-image-single xts-textalign-center\">\n\t\t\t\t<figure class=\"xts-image\">\n\t\t\t\t\t\t\t\t\t\t\t<div class=\"xts-image-inner\">\n\t\t\t\t\t\n\t\t\t\t\t\t<img decoding=\"async\" width=\"1920\" height=\"1080\" src=\"https:\/\/www.victorious-pharma.com\/wp-content\/uploads\/2025\/05\/ship-rocket-launch-2024-10-23-08-30-08-utc_2.jpg\" class=\"attachment-full size-full wp-image-1996\" alt=\"\" srcset=\"https:\/\/www.victorious-pharma.com\/wp-content\/uploads\/2025\/05\/ship-rocket-launch-2024-10-23-08-30-08-utc_2.jpg 1920w, https:\/\/www.victorious-pharma.com\/wp-content\/uploads\/2025\/05\/ship-rocket-launch-2024-10-23-08-30-08-utc_2-500x281.jpg 500w, https:\/\/www.victorious-pharma.com\/wp-content\/uploads\/2025\/05\/ship-rocket-launch-2024-10-23-08-30-08-utc_2-1024x576.jpg 1024w, https:\/\/www.victorious-pharma.com\/wp-content\/uploads\/2025\/05\/ship-rocket-launch-2024-10-23-08-30-08-utc_2-768x432.jpg 768w, https:\/\/www.victorious-pharma.com\/wp-content\/uploads\/2025\/05\/ship-rocket-launch-2024-10-23-08-30-08-utc_2-1536x864.jpg 1536w\" sizes=\"(max-width: 1920px) 100vw, 1920px\" \/>\n\t\t\t\t\t\t\t\t\t\t\t<\/div>\n\t\t\t\t\t\n\t\t\t\t\t\t\t\t\t<\/figure>\n\n\t\t\t\t\t\t\t<\/div>\n\t\t\t\t\t\t<\/div>\n\t\t\t\t<\/div>\n\t\t\t\t<\/div>\n\t\t\t\t\t<\/div>\n\t\t\t\t<\/div>\n\t\t\t\t<\/div>\n\t\t","protected":false},"excerpt":{"rendered":"<p>Projekti Uspe\u0161na uvedba Nasovitala v Avstriji &#8211; 2025 Leta 2025 je Victorious Pharma na avstrijski trg uspe\u0161no lansirala medicinski pripomo\u010dek\u00a0Nasovital\u00a0(sistem za izpiranje nosu). Po podpisu distribucijske pogodbe z na\u0161o stranko je bil izdelek predstavljen tako segmentom strank\u00a0B2B (lekarne, zdravstveni delavci)\u00a0kot segmentom strank\u00a0B2C\u00a0. Projekt je zajemal\u00a0celoten \u017eivljenjski cikel lansiranja\u00a0\u2013 od analize trga in razvoja strategije do [&hellip;]<\/p>\n","protected":false},"author":1,"featured_media":0,"parent":0,"menu_order":0,"comment_status":"closed","ping_status":"closed","template":"elementor_header_footer","meta":{"iawp_total_views":28,"footnotes":""},"class_list":["post-2608","page","type-page","status-publish","hentry"],"yoast_head":"<!-- This site is optimized with the Yoast SEO plugin v26.8 - https:\/\/yoast.com\/product\/yoast-seo-wordpress\/ -->\n<title>Projekti - Victorious Pharma<\/title>\n<meta name=\"robots\" content=\"index, follow, max-snippet:-1, max-image-preview:large, max-video-preview:-1\" \/>\n<link rel=\"canonical\" href=\"https:\/\/www.victorious-pharma.com\/sl\/projekti\/\" \/>\n<meta property=\"og:locale\" content=\"sl_SI\" \/>\n<meta property=\"og:type\" content=\"article\" \/>\n<meta property=\"og:title\" content=\"Projekti - Victorious Pharma\" \/>\n<meta property=\"og:description\" content=\"Projekti Uspe\u0161na uvedba Nasovitala v Avstriji &#8211; 2025 Leta 2025 je Victorious Pharma na avstrijski trg uspe\u0161no lansirala medicinski pripomo\u010dek\u00a0Nasovital\u00a0(sistem za izpiranje nosu). Po podpisu distribucijske pogodbe z na\u0161o stranko je bil izdelek predstavljen tako segmentom strank\u00a0B2B (lekarne, zdravstveni delavci)\u00a0kot segmentom strank\u00a0B2C\u00a0. Projekt je zajemal\u00a0celoten \u017eivljenjski cikel lansiranja\u00a0\u2013 od analize trga in razvoja strategije do [&hellip;]\" \/>\n<meta property=\"og:url\" content=\"https:\/\/www.victorious-pharma.com\/sl\/projekti\/\" \/>\n<meta property=\"og:site_name\" content=\"Victorious Pharma\" \/>\n<meta property=\"article:modified_time\" content=\"2025-06-10T10:34:18+00:00\" \/>\n<meta property=\"og:image\" content=\"https:\/\/www.victorious-pharma.com\/wp-content\/uploads\/2025\/05\/Nasovital-product-photo-GIG-17-transparent_2c.jpg\" \/>\n\t<meta property=\"og:image:width\" content=\"1203\" \/>\n\t<meta property=\"og:image:height\" content=\"1206\" \/>\n\t<meta property=\"og:image:type\" content=\"image\/jpeg\" \/>\n<meta name=\"twitter:card\" content=\"summary_large_image\" \/>\n<meta name=\"twitter:label1\" content=\"Est. reading time\" \/>\n\t<meta name=\"twitter:data1\" content=\"2 minuti\" \/>\n<script type=\"application\/ld+json\" class=\"yoast-schema-graph\">{\"@context\":\"https:\/\/schema.org\",\"@graph\":[{\"@type\":\"WebPage\",\"@id\":\"https:\/\/www.victorious-pharma.com\/sl\/projekti\/\",\"url\":\"https:\/\/www.victorious-pharma.com\/sl\/projekti\/\",\"name\":\"Projekti - Victorious Pharma\",\"isPartOf\":{\"@id\":\"https:\/\/www.victorious-pharma.com\/sl\/#website\"},\"primaryImageOfPage\":{\"@id\":\"https:\/\/www.victorious-pharma.com\/sl\/projekti\/#primaryimage\"},\"image\":{\"@id\":\"https:\/\/www.victorious-pharma.com\/sl\/projekti\/#primaryimage\"},\"thumbnailUrl\":\"https:\/\/www.victorious-pharma.com\/wp-content\/uploads\/2025\/05\/Nasovital-product-photo-GIG-17-transparent_2c.jpg\",\"datePublished\":\"2020-08-10T06:18:54+00:00\",\"dateModified\":\"2025-06-10T10:34:18+00:00\",\"breadcrumb\":{\"@id\":\"https:\/\/www.victorious-pharma.com\/sl\/projekti\/#breadcrumb\"},\"inLanguage\":\"sl-SI\",\"potentialAction\":[{\"@type\":\"ReadAction\",\"target\":[\"https:\/\/www.victorious-pharma.com\/sl\/projekti\/\"]}]},{\"@type\":\"ImageObject\",\"inLanguage\":\"sl-SI\",\"@id\":\"https:\/\/www.victorious-pharma.com\/sl\/projekti\/#primaryimage\",\"url\":\"https:\/\/www.victorious-pharma.com\/wp-content\/uploads\/2025\/05\/Nasovital-product-photo-GIG-17-transparent_2c.jpg\",\"contentUrl\":\"https:\/\/www.victorious-pharma.com\/wp-content\/uploads\/2025\/05\/Nasovital-product-photo-GIG-17-transparent_2c.jpg\"},{\"@type\":\"BreadcrumbList\",\"@id\":\"https:\/\/www.victorious-pharma.com\/sl\/projekti\/#breadcrumb\",\"itemListElement\":[{\"@type\":\"ListItem\",\"position\":1,\"name\":\"Home\",\"item\":\"https:\/\/www.victorious-pharma.com\/sl\/\"},{\"@type\":\"ListItem\",\"position\":2,\"name\":\"Projekti\"}]},{\"@type\":\"WebSite\",\"@id\":\"https:\/\/www.victorious-pharma.com\/sl\/#website\",\"url\":\"https:\/\/www.victorious-pharma.com\/sl\/\",\"name\":\"Victorious Pharma\",\"description\":\"Your Product Deserves a Powerful Launch. Let\u2019s Make It Happen.\",\"potentialAction\":[{\"@type\":\"SearchAction\",\"target\":{\"@type\":\"EntryPoint\",\"urlTemplate\":\"https:\/\/www.victorious-pharma.com\/sl\/?s={search_term_string}\"},\"query-input\":{\"@type\":\"PropertyValueSpecification\",\"valueRequired\":true,\"valueName\":\"search_term_string\"}}],\"inLanguage\":\"sl-SI\"}]}<\/script>\n<!-- \/ Yoast SEO plugin. -->","yoast_head_json":{"title":"Projekti - Victorious Pharma","robots":{"index":"index","follow":"follow","max-snippet":"max-snippet:-1","max-image-preview":"max-image-preview:large","max-video-preview":"max-video-preview:-1"},"canonical":"https:\/\/www.victorious-pharma.com\/sl\/projekti\/","og_locale":"sl_SI","og_type":"article","og_title":"Projekti - Victorious Pharma","og_description":"Projekti Uspe\u0161na uvedba Nasovitala v Avstriji &#8211; 2025 Leta 2025 je Victorious Pharma na avstrijski trg uspe\u0161no lansirala medicinski pripomo\u010dek\u00a0Nasovital\u00a0(sistem za izpiranje nosu). Po podpisu distribucijske pogodbe z na\u0161o stranko je bil izdelek predstavljen tako segmentom strank\u00a0B2B (lekarne, zdravstveni delavci)\u00a0kot segmentom strank\u00a0B2C\u00a0. Projekt je zajemal\u00a0celoten \u017eivljenjski cikel lansiranja\u00a0\u2013 od analize trga in razvoja strategije do [&hellip;]","og_url":"https:\/\/www.victorious-pharma.com\/sl\/projekti\/","og_site_name":"Victorious Pharma","article_modified_time":"2025-06-10T10:34:18+00:00","og_image":[{"width":1203,"height":1206,"url":"https:\/\/www.victorious-pharma.com\/wp-content\/uploads\/2025\/05\/Nasovital-product-photo-GIG-17-transparent_2c.jpg","type":"image\/jpeg"}],"twitter_card":"summary_large_image","twitter_misc":{"Est. reading time":"2 minuti"},"schema":{"@context":"https:\/\/schema.org","@graph":[{"@type":"WebPage","@id":"https:\/\/www.victorious-pharma.com\/sl\/projekti\/","url":"https:\/\/www.victorious-pharma.com\/sl\/projekti\/","name":"Projekti - Victorious Pharma","isPartOf":{"@id":"https:\/\/www.victorious-pharma.com\/sl\/#website"},"primaryImageOfPage":{"@id":"https:\/\/www.victorious-pharma.com\/sl\/projekti\/#primaryimage"},"image":{"@id":"https:\/\/www.victorious-pharma.com\/sl\/projekti\/#primaryimage"},"thumbnailUrl":"https:\/\/www.victorious-pharma.com\/wp-content\/uploads\/2025\/05\/Nasovital-product-photo-GIG-17-transparent_2c.jpg","datePublished":"2020-08-10T06:18:54+00:00","dateModified":"2025-06-10T10:34:18+00:00","breadcrumb":{"@id":"https:\/\/www.victorious-pharma.com\/sl\/projekti\/#breadcrumb"},"inLanguage":"sl-SI","potentialAction":[{"@type":"ReadAction","target":["https:\/\/www.victorious-pharma.com\/sl\/projekti\/"]}]},{"@type":"ImageObject","inLanguage":"sl-SI","@id":"https:\/\/www.victorious-pharma.com\/sl\/projekti\/#primaryimage","url":"https:\/\/www.victorious-pharma.com\/wp-content\/uploads\/2025\/05\/Nasovital-product-photo-GIG-17-transparent_2c.jpg","contentUrl":"https:\/\/www.victorious-pharma.com\/wp-content\/uploads\/2025\/05\/Nasovital-product-photo-GIG-17-transparent_2c.jpg"},{"@type":"BreadcrumbList","@id":"https:\/\/www.victorious-pharma.com\/sl\/projekti\/#breadcrumb","itemListElement":[{"@type":"ListItem","position":1,"name":"Home","item":"https:\/\/www.victorious-pharma.com\/sl\/"},{"@type":"ListItem","position":2,"name":"Projekti"}]},{"@type":"WebSite","@id":"https:\/\/www.victorious-pharma.com\/sl\/#website","url":"https:\/\/www.victorious-pharma.com\/sl\/","name":"Victorious Pharma","description":"Your Product Deserves a Powerful Launch. Let\u2019s Make It Happen.","potentialAction":[{"@type":"SearchAction","target":{"@type":"EntryPoint","urlTemplate":"https:\/\/www.victorious-pharma.com\/sl\/?s={search_term_string}"},"query-input":{"@type":"PropertyValueSpecification","valueRequired":true,"valueName":"search_term_string"}}],"inLanguage":"sl-SI"}]}},"_links":{"self":[{"href":"https:\/\/www.victorious-pharma.com\/sl\/wp-json\/wp\/v2\/pages\/2608","targetHints":{"allow":["GET"]}}],"collection":[{"href":"https:\/\/www.victorious-pharma.com\/sl\/wp-json\/wp\/v2\/pages"}],"about":[{"href":"https:\/\/www.victorious-pharma.com\/sl\/wp-json\/wp\/v2\/types\/page"}],"author":[{"embeddable":true,"href":"https:\/\/www.victorious-pharma.com\/sl\/wp-json\/wp\/v2\/users\/1"}],"replies":[{"embeddable":true,"href":"https:\/\/www.victorious-pharma.com\/sl\/wp-json\/wp\/v2\/comments?post=2608"}],"version-history":[{"count":7,"href":"https:\/\/www.victorious-pharma.com\/sl\/wp-json\/wp\/v2\/pages\/2608\/revisions"}],"predecessor-version":[{"id":2750,"href":"https:\/\/www.victorious-pharma.com\/sl\/wp-json\/wp\/v2\/pages\/2608\/revisions\/2750"}],"wp:attachment":[{"href":"https:\/\/www.victorious-pharma.com\/sl\/wp-json\/wp\/v2\/media?parent=2608"}],"curies":[{"name":"wp","href":"https:\/\/api.w.org\/{rel}","templated":true}]}}