{"id":2599,"date":"2019-11-07T14:52:59","date_gmt":"2019-11-07T13:52:59","guid":{"rendered":"https:\/\/www.victorious-pharma.com\/about-us\/"},"modified":"2025-06-10T11:30:51","modified_gmt":"2025-06-10T10:30:51","slug":"o-nas","status":"publish","type":"page","link":"https:\/\/www.victorious-pharma.com\/sl\/o-nas\/","title":{"rendered":"O nas"},"content":{"rendered":"\t\t<div data-elementor-type=\"wp-page\" data-elementor-id=\"2599\" class=\"elementor elementor-2599 elementor-1918\">\n\t\t\t\t<div class=\"elementor-element elementor-element-ac0c616 e-flex e-con-boxed xts-section-disabled e-con e-parent\" data-id=\"ac0c616\" data-element_type=\"container\">\n\t\t\t\t\t<div class=\"e-con-inner\">\n\t\t<div class=\"elementor-element elementor-element-bee184d e-con-full e-flex xts-section-disabled e-con e-child\" data-id=\"bee184d\" data-element_type=\"container\">\n\t\t\t\t<div class=\"elementor-element elementor-element-2ba9727 xts-width-100 elementor-widget elementor-widget-xts_title\" data-id=\"2ba9727\" data-element_type=\"widget\" data-widget_type=\"xts_title.default\">\n\t\t\t\t<div class=\"elementor-widget-container\">\n\t\t\t\t\t\t\t\t<div class=\"xts-section-heading xts-reset-mb-10 xts-reset-last xts-textalign-left\" data-animation-delay=\"\">\n\t\t\t\t\n\t\t\t\t\t\t\t\t\t<h1 class=\"xts-section-title title xts-design-default xts-fontsize-xl\">\n\t\t\t\t\t\t<span class=\"xts-section-title-text\" data-elementor-setting-key=\"title\">\n\t\t\t\t\t\t\tO nas\t\t\t\t\t\t<\/span>\n\n\t\t\t\t\t\t\t\t\t\t\t<\/h1>\n\t\t\t\t\n\t\t\t\t\n\t\t\t\t\t\t\t<\/div>\n\t\t\t\t\t\t<\/div>\n\t\t\t\t<\/div>\n\t\t\t\t<div class=\"elementor-element elementor-element-d101283 xts-scheme-inherit xts-textalign-inherit elementor-widget elementor-widget-text-editor\" data-id=\"d101283\" data-element_type=\"widget\" data-widget_type=\"text-editor.default\">\n\t\t\t\t<div class=\"elementor-widget-container\">\n\t\t\t\t\t\t\t\t\t<p><span>V podjetju Victorious Pharma si prizadevamo biti prednostni partner za lansiranje farmacevtskih izdelkov v srednji Evropi. Zavedamo se, da lahko kompetenten partner igra klju\u010dno vlogo pri uspe\u0161ni uvedbi novega zdravila ali medicinskega pripomo\u010dka na trg.<\/span><\/p><p><span>Na\u0161 cilj je podpirati na\u0161e partnerje pri doseganju odli\u010dnosti pri lansiranju izdelkov \u2013 bodisi s svetovalnimi storitvami, operativno podporo bodisi s prevzemom polne odgovornosti za lansiranje izdelkov prek distribucijskih sporazumov za dolo\u010dena ozemlja in portfelje.<\/span><\/p><p><span>Z mo\u010dno zavezanostjo kakovosti in osredoto\u010denostjo na merljive rezultate je Victorious Pharma va\u0161 zaupanja vreden partner za spodbujanje rasti v regiji.<\/span><\/p>\t\t\t\t\t\t\t\t<\/div>\n\t\t\t\t<\/div>\n\t\t\t\t<\/div>\n\t\t<div class=\"elementor-element elementor-element-9539848 e-con-full e-flex xts-section-disabled e-con e-child\" data-id=\"9539848\" data-element_type=\"container\">\n\t\t\t\t<div class=\"elementor-element elementor-element-9e1101e elementor-widget-tablet__width-initial elementor-widget elementor-widget-xts_image\" data-id=\"9e1101e\" data-element_type=\"widget\" data-widget_type=\"xts_image.default\">\n\t\t\t\t<div class=\"elementor-widget-container\">\n\t\t\t\t\t\t\t\t<div class=\"xts-image-single xts-textalign-center\">\n\t\t\t\t<figure class=\"xts-image\">\n\t\t\t\t\t\t\t\t\t\t\t<a  href=\"https:\/\/www.nasovital.de\/\" target=\"_blank\" class=\"xts-image-inner\" rel=\"noopener noreferrer nofollow\">\n\t\t\t\t\t\n\t\t\t\t\t\t<img fetchpriority=\"high\" decoding=\"async\" width=\"1600\" height=\"960\" src=\"https:\/\/www.victorious-pharma.com\/wp-content\/uploads\/2025\/05\/minimal-background-for-cosmetic-branding-and-packa-2024-09-22-18-54-40-utc_2.jpg\" class=\"attachment-full size-full wp-image-2058\" alt=\"\" srcset=\"https:\/\/www.victorious-pharma.com\/wp-content\/uploads\/2025\/05\/minimal-background-for-cosmetic-branding-and-packa-2024-09-22-18-54-40-utc_2.jpg 1600w, https:\/\/www.victorious-pharma.com\/wp-content\/uploads\/2025\/05\/minimal-background-for-cosmetic-branding-and-packa-2024-09-22-18-54-40-utc_2-500x300.jpg 500w, https:\/\/www.victorious-pharma.com\/wp-content\/uploads\/2025\/05\/minimal-background-for-cosmetic-branding-and-packa-2024-09-22-18-54-40-utc_2-1024x614.jpg 1024w, https:\/\/www.victorious-pharma.com\/wp-content\/uploads\/2025\/05\/minimal-background-for-cosmetic-branding-and-packa-2024-09-22-18-54-40-utc_2-768x461.jpg 768w, https:\/\/www.victorious-pharma.com\/wp-content\/uploads\/2025\/05\/minimal-background-for-cosmetic-branding-and-packa-2024-09-22-18-54-40-utc_2-1536x922.jpg 1536w\" sizes=\"(max-width: 1600px) 100vw, 1600px\" \/>\n\t\t\t\t\t\t\t\t\t\t\t<\/a>\n\t\t\t\t\t\n\t\t\t\t\t\t\t\t\t<\/figure>\n\n\t\t\t\t\t\t\t<\/div>\n\t\t\t\t\t\t<\/div>\n\t\t\t\t<\/div>\n\t\t\t\t<\/div>\n\t\t\t\t\t<\/div>\n\t\t\t\t<\/div>\n\t\t<div class=\"elementor-element elementor-element-652089b e-flex e-con-boxed xts-section-disabled e-con e-parent\" data-id=\"652089b\" data-element_type=\"container\">\n\t\t\t\t\t<div class=\"e-con-inner\">\n\t\t<div class=\"elementor-element elementor-element-7875023 e-con-full e-flex xts-section-disabled e-con e-child\" data-id=\"7875023\" data-element_type=\"container\" data-settings=\"{&quot;background_background&quot;:&quot;classic&quot;}\">\n\t\t\t\t<div class=\"elementor-element elementor-element-c56439c elementor-widget__width-auto elementor-widget-tablet__width-initial xts-width-100 elementor-widget elementor-widget-xts_title\" data-id=\"c56439c\" data-element_type=\"widget\" data-widget_type=\"xts_title.default\">\n\t\t\t\t<div class=\"elementor-widget-container\">\n\t\t\t\t\t\t\t\t<div class=\"xts-section-heading xts-reset-mb-10 xts-reset-last xts-textalign-left\" data-animation-delay=\"\">\n\t\t\t\t\n\t\t\t\t\t\t\t\t\t<h4 class=\"xts-section-title title xts-design-default xts-fontsize-xl\">\n\t\t\t\t\t\t<span class=\"xts-section-title-text\" data-elementor-setting-key=\"title\">\n\t\t\t\t\t\t\tZakaj sodelovati s podjetjem Victorious Pharma?\t\t\t\t\t\t<\/span>\n\n\t\t\t\t\t\t\t\t\t\t\t<\/h4>\n\t\t\t\t\n\t\t\t\t\n\t\t\t\t\t\t\t<\/div>\n\t\t\t\t\t\t<\/div>\n\t\t\t\t<\/div>\n\t\t\t\t<div class=\"elementor-element elementor-element-8dfb2a5 xts-scheme-inherit xts-textalign-inherit elementor-widget elementor-widget-text-editor\" data-id=\"8dfb2a5\" data-element_type=\"widget\" data-widget_type=\"text-editor.default\">\n\t\t\t\t<div class=\"elementor-widget-container\">\n\t\t\t\t\t\t\t\t\t<ul><li>Ve\u010d kot 20 let izku\u0161enj z lansiranjem farmacevtskih izdelkov za velika mednarodna\u00a0podjetja.<\/li><li>Dokazane izku\u0161nje z ve\u010d kot 10 uspe\u0161nimi lansiranji izdelkov v srednjeevropskih<br \/>dr\u017eavah: Avstriji, Sloveniji, Hrva\u0161ki, Bosni, Srbiji, Slova\u0161ki, \u010ce\u0161ki in\u00a0Mad\u017earski.<\/li><li>Strokovno znanje na terapevtskih podro\u010djih redkih bolezni, onkologije, sr\u010dno-\u017eilnih, ledvi\u010dnih in<br \/>presnovnih bolezni.<\/li><li>Vodilni polo\u017eaj na trgu: Doseganje vodilnega polo\u017eaja na trgu v 18\u201330 mesecih po povra\u010dilu.<\/li><li>Izku\u0161ena in predana ekipa: Na\u0161i skrbno izbrani strokovnjaki imajo od 5 do 20+ let<br \/>izku\u0161enj s farmacevtskim sektorjem in poglobljeno poznavanje lokalnega trga \u2013 kar zagotavlja<br \/>natan\u010dno in u\u010dinkovito lansiranje va\u0161ega izdelka.<\/li><\/ul>\t\t\t\t\t\t\t\t<\/div>\n\t\t\t\t<\/div>\n\t\t\t\t<\/div>\n\t\t\t\t\t<\/div>\n\t\t\t\t<\/div>\n\t\t<div class=\"elementor-element elementor-element-48332e4 e-flex e-con-boxed xts-section-disabled e-con e-parent\" data-id=\"48332e4\" data-element_type=\"container\">\n\t\t\t\t\t<div class=\"e-con-inner\">\n\t\t\t\t<div class=\"elementor-element elementor-element-e8233fa xts-width-100 elementor-widget elementor-widget-xts_title\" data-id=\"e8233fa\" data-element_type=\"widget\" data-widget_type=\"xts_title.default\">\n\t\t\t\t<div class=\"elementor-widget-container\">\n\t\t\t\t\t\t\t\t<div class=\"xts-section-heading xts-reset-mb-10 xts-reset-last xts-textalign-left\" data-animation-delay=\"\">\n\t\t\t\t\n\t\t\t\t\t\t\t\t\t<h4 class=\"xts-section-title title xts-design-default xts-fontsize-xl\">\n\t\t\t\t\t\t<span class=\"xts-section-title-text\" data-elementor-setting-key=\"title\">\n\t\t\t\t\t\t\tVizija\t\t\t\t\t\t<\/span>\n\n\t\t\t\t\t\t\t\t\t\t\t<\/h4>\n\t\t\t\t\n\t\t\t\t\n\t\t\t\t\t\t\t<\/div>\n\t\t\t\t\t\t<\/div>\n\t\t\t\t<\/div>\n\t\t\t\t<div class=\"elementor-element elementor-element-fb5830d xts-scheme-inherit xts-textalign-inherit elementor-widget elementor-widget-text-editor\" data-id=\"fb5830d\" data-element_type=\"widget\" data-widget_type=\"text-editor.default\">\n\t\t\t\t<div class=\"elementor-widget-container\">\n\t\t\t\t\t\t\t\t\t<p><span>Na\u0161a vizija je postati\u00a0<\/span><strong><span>partner po izbiri<\/span><\/strong><span>\u00a0za biofarmacevtska in medicinska podjetja, ki \u017eelijo svoje izdelke lansirati na srednjeevropske trge.<\/span><\/p>\t\t\t\t\t\t\t\t<\/div>\n\t\t\t\t<\/div>\n\t\t\t\t<div class=\"elementor-element elementor-element-3cbe55b xts-width-100 elementor-widget elementor-widget-xts_title\" data-id=\"3cbe55b\" data-element_type=\"widget\" data-settings=\"{&quot;_animation&quot;:&quot;none&quot;}\" data-widget_type=\"xts_title.default\">\n\t\t\t\t<div class=\"elementor-widget-container\">\n\t\t\t\t\t\t\t\t<div class=\"xts-section-heading xts-reset-mb-10 xts-reset-last xts-textalign-left\" data-animation-delay=\"\">\n\t\t\t\t\n\t\t\t\t\t\t\t\t\t<h4 class=\"xts-section-title title xts-design-default xts-fontsize-xl\">\n\t\t\t\t\t\t<span class=\"xts-section-title-text\" data-elementor-setting-key=\"title\">\n\t\t\t\t\t\t\tPoslanstvo\t\t\t\t\t\t<\/span>\n\n\t\t\t\t\t\t\t\t\t\t\t<\/h4>\n\t\t\t\t\n\t\t\t\t\n\t\t\t\t\t\t\t<\/div>\n\t\t\t\t\t\t<\/div>\n\t\t\t\t<\/div>\n\t\t\t\t<div class=\"elementor-element elementor-element-c02c93c xts-scheme-inherit xts-textalign-inherit elementor-widget elementor-widget-text-editor\" data-id=\"c02c93c\" data-element_type=\"widget\" data-widget_type=\"text-editor.default\">\n\t\t\t\t<div class=\"elementor-widget-container\">\n\t\t\t\t\t\t\t\t\t<p>Na\u0161e poslanstvo je\u00a0<strong>opolnomo\u010diti farmacevtska podjetja,<\/strong> da na trg uvedejo inovativne terapije, zagotovijo pravo\u010dasen dostop za bolnike in soustvarjajo sodobne strategije zdravljenja. Skupaj si prizadevamo oblikovati bolj zdravo prihodnost za vse tiste, ki jo potrebujejo.<\/p>\t\t\t\t\t\t\t\t<\/div>\n\t\t\t\t<\/div>\n\t\t\t\t<div class=\"elementor-element elementor-element-6569b99 xts-width-100 elementor-widget elementor-widget-xts_title\" data-id=\"6569b99\" data-element_type=\"widget\" data-widget_type=\"xts_title.default\">\n\t\t\t\t<div class=\"elementor-widget-container\">\n\t\t\t\t\t\t\t\t<div class=\"xts-section-heading xts-reset-mb-10 xts-reset-last xts-textalign-left\" data-animation-delay=\"\">\n\t\t\t\t\n\t\t\t\t\t\t\t\t\t<h4 class=\"xts-section-title title xts-design-default xts-fontsize-xl\">\n\t\t\t\t\t\t<span class=\"xts-section-title-text\" data-elementor-setting-key=\"title\">\n\t\t\t\t\t\t\tNa\u0161a edinstvena prodajna ponudba\t\t\t\t\t\t<\/span>\n\n\t\t\t\t\t\t\t\t\t\t\t<\/h4>\n\t\t\t\t\n\t\t\t\t\n\t\t\t\t\t\t\t<\/div>\n\t\t\t\t\t\t<\/div>\n\t\t\t\t<\/div>\n\t\t\t\t<div class=\"elementor-element elementor-element-ed1da1d xts-scheme-inherit xts-textalign-inherit elementor-widget elementor-widget-text-editor\" data-id=\"ed1da1d\" data-element_type=\"widget\" data-widget_type=\"text-editor.default\">\n\t\t\t\t<div class=\"elementor-widget-container\">\n\t\t\t\t\t\t\t\t\t<p>Kot\u00a0<strong>agilno in predano podjetje<\/strong>\u00a0ponujamo prakti\u010den in personaliziran pristop k vsakemu partnerstvu. Na\u0161e vrednote \u2013\u00a0<strong>kakovost, integriteta in odli\u010dnost<\/strong>\u00a0\u2013 se odra\u017eajo v vsakem na\u0161em koraku.<\/p><p>Dajemo prednost\u00a0<strong>dolgoro\u010dnim odnosom<\/strong>\u00a0z na\u0161imi strankami, partnerji in organizacijami pacientov, s poudarkom na sodelovanju in zaupanju. Na\u0161a ekipa se nenehno prilagaja in razvija, da bi zadostila dinami\u010dnim potrebam trga zdravstvenega varstva.<\/p><p>V podjetju Victorious Pharma verjamemo v\u00a0<strong>prilagojene strategije lansiranja<\/strong>, ki so usklajene z va\u0161imi cilji \u2013 kar zagotavlja ne le uspe\u0161no lansiranje izdelka, temve\u010d tudi tak\u0161no, ki\u00a0<strong>presega pri\u010dakovanja in ima resni\u010den u\u010dinek<\/strong>.<\/p>\t\t\t\t\t\t\t\t<\/div>\n\t\t\t\t<\/div>\n\t\t\t\t\t<\/div>\n\t\t\t\t<\/div>\n\t\t\t\t<\/div>\n\t\t","protected":false},"excerpt":{"rendered":"<p>O nas V podjetju Victorious Pharma si prizadevamo biti prednostni partner za lansiranje farmacevtskih izdelkov v srednji Evropi. Zavedamo se, da lahko kompetenten partner igra klju\u010dno vlogo pri uspe\u0161ni uvedbi novega zdravila ali medicinskega pripomo\u010dka na trg. Na\u0161 cilj je podpirati na\u0161e partnerje pri doseganju odli\u010dnosti pri lansiranju izdelkov \u2013 bodisi s svetovalnimi storitvami, operativno [&hellip;]<\/p>\n","protected":false},"author":1,"featured_media":0,"parent":0,"menu_order":0,"comment_status":"closed","ping_status":"closed","template":"elementor_header_footer","meta":{"iawp_total_views":21,"footnotes":""},"class_list":["post-2599","page","type-page","status-publish","hentry"],"yoast_head":"<!-- This site is optimized with the Yoast SEO plugin v26.8 - https:\/\/yoast.com\/product\/yoast-seo-wordpress\/ -->\n<title>O nas - Victorious Pharma<\/title>\n<meta name=\"robots\" content=\"index, follow, max-snippet:-1, max-image-preview:large, max-video-preview:-1\" \/>\n<link rel=\"canonical\" href=\"https:\/\/www.victorious-pharma.com\/sl\/o-nas\/\" \/>\n<meta property=\"og:locale\" content=\"sl_SI\" \/>\n<meta property=\"og:type\" content=\"article\" \/>\n<meta property=\"og:title\" content=\"O nas - Victorious Pharma\" \/>\n<meta property=\"og:description\" content=\"O nas V podjetju Victorious Pharma si prizadevamo biti prednostni partner za lansiranje farmacevtskih izdelkov v srednji Evropi. Zavedamo se, da lahko kompetenten partner igra klju\u010dno vlogo pri uspe\u0161ni uvedbi novega zdravila ali medicinskega pripomo\u010dka na trg. Na\u0161 cilj je podpirati na\u0161e partnerje pri doseganju odli\u010dnosti pri lansiranju izdelkov \u2013 bodisi s svetovalnimi storitvami, operativno [&hellip;]\" \/>\n<meta property=\"og:url\" content=\"https:\/\/www.victorious-pharma.com\/sl\/o-nas\/\" \/>\n<meta property=\"og:site_name\" content=\"Victorious Pharma\" \/>\n<meta property=\"article:modified_time\" content=\"2025-06-10T10:30:51+00:00\" \/>\n<meta property=\"og:image\" content=\"https:\/\/www.victorious-pharma.com\/wp-content\/uploads\/2025\/05\/minimal-background-for-cosmetic-branding-and-packa-2024-09-22-18-54-40-utc_2.jpg\" \/>\n\t<meta property=\"og:image:width\" content=\"1600\" \/>\n\t<meta property=\"og:image:height\" content=\"960\" \/>\n\t<meta property=\"og:image:type\" content=\"image\/jpeg\" \/>\n<meta name=\"twitter:card\" content=\"summary_large_image\" \/>\n<meta name=\"twitter:label1\" content=\"Est. reading time\" \/>\n\t<meta name=\"twitter:data1\" content=\"3 minute\" \/>\n<script type=\"application\/ld+json\" class=\"yoast-schema-graph\">{\"@context\":\"https:\/\/schema.org\",\"@graph\":[{\"@type\":\"WebPage\",\"@id\":\"https:\/\/www.victorious-pharma.com\/sl\/o-nas\/\",\"url\":\"https:\/\/www.victorious-pharma.com\/sl\/o-nas\/\",\"name\":\"O nas - Victorious Pharma\",\"isPartOf\":{\"@id\":\"https:\/\/www.victorious-pharma.com\/sl\/#website\"},\"primaryImageOfPage\":{\"@id\":\"https:\/\/www.victorious-pharma.com\/sl\/o-nas\/#primaryimage\"},\"image\":{\"@id\":\"https:\/\/www.victorious-pharma.com\/sl\/o-nas\/#primaryimage\"},\"thumbnailUrl\":\"https:\/\/www.victorious-pharma.com\/wp-content\/uploads\/2025\/05\/minimal-background-for-cosmetic-branding-and-packa-2024-09-22-18-54-40-utc_2.jpg\",\"datePublished\":\"2019-11-07T13:52:59+00:00\",\"dateModified\":\"2025-06-10T10:30:51+00:00\",\"breadcrumb\":{\"@id\":\"https:\/\/www.victorious-pharma.com\/sl\/o-nas\/#breadcrumb\"},\"inLanguage\":\"sl-SI\",\"potentialAction\":[{\"@type\":\"ReadAction\",\"target\":[\"https:\/\/www.victorious-pharma.com\/sl\/o-nas\/\"]}]},{\"@type\":\"ImageObject\",\"inLanguage\":\"sl-SI\",\"@id\":\"https:\/\/www.victorious-pharma.com\/sl\/o-nas\/#primaryimage\",\"url\":\"https:\/\/www.victorious-pharma.com\/wp-content\/uploads\/2025\/05\/minimal-background-for-cosmetic-branding-and-packa-2024-09-22-18-54-40-utc_2.jpg\",\"contentUrl\":\"https:\/\/www.victorious-pharma.com\/wp-content\/uploads\/2025\/05\/minimal-background-for-cosmetic-branding-and-packa-2024-09-22-18-54-40-utc_2.jpg\"},{\"@type\":\"BreadcrumbList\",\"@id\":\"https:\/\/www.victorious-pharma.com\/sl\/o-nas\/#breadcrumb\",\"itemListElement\":[{\"@type\":\"ListItem\",\"position\":1,\"name\":\"Home\",\"item\":\"https:\/\/www.victorious-pharma.com\/sl\/\"},{\"@type\":\"ListItem\",\"position\":2,\"name\":\"O nas\"}]},{\"@type\":\"WebSite\",\"@id\":\"https:\/\/www.victorious-pharma.com\/sl\/#website\",\"url\":\"https:\/\/www.victorious-pharma.com\/sl\/\",\"name\":\"Victorious Pharma\",\"description\":\"Your Product Deserves a Powerful Launch. Let\u2019s Make It Happen.\",\"potentialAction\":[{\"@type\":\"SearchAction\",\"target\":{\"@type\":\"EntryPoint\",\"urlTemplate\":\"https:\/\/www.victorious-pharma.com\/sl\/?s={search_term_string}\"},\"query-input\":{\"@type\":\"PropertyValueSpecification\",\"valueRequired\":true,\"valueName\":\"search_term_string\"}}],\"inLanguage\":\"sl-SI\"}]}<\/script>\n<!-- \/ Yoast SEO plugin. -->","yoast_head_json":{"title":"O nas - Victorious Pharma","robots":{"index":"index","follow":"follow","max-snippet":"max-snippet:-1","max-image-preview":"max-image-preview:large","max-video-preview":"max-video-preview:-1"},"canonical":"https:\/\/www.victorious-pharma.com\/sl\/o-nas\/","og_locale":"sl_SI","og_type":"article","og_title":"O nas - Victorious Pharma","og_description":"O nas V podjetju Victorious Pharma si prizadevamo biti prednostni partner za lansiranje farmacevtskih izdelkov v srednji Evropi. Zavedamo se, da lahko kompetenten partner igra klju\u010dno vlogo pri uspe\u0161ni uvedbi novega zdravila ali medicinskega pripomo\u010dka na trg. Na\u0161 cilj je podpirati na\u0161e partnerje pri doseganju odli\u010dnosti pri lansiranju izdelkov \u2013 bodisi s svetovalnimi storitvami, operativno [&hellip;]","og_url":"https:\/\/www.victorious-pharma.com\/sl\/o-nas\/","og_site_name":"Victorious Pharma","article_modified_time":"2025-06-10T10:30:51+00:00","og_image":[{"width":1600,"height":960,"url":"https:\/\/www.victorious-pharma.com\/wp-content\/uploads\/2025\/05\/minimal-background-for-cosmetic-branding-and-packa-2024-09-22-18-54-40-utc_2.jpg","type":"image\/jpeg"}],"twitter_card":"summary_large_image","twitter_misc":{"Est. reading time":"3 minute"},"schema":{"@context":"https:\/\/schema.org","@graph":[{"@type":"WebPage","@id":"https:\/\/www.victorious-pharma.com\/sl\/o-nas\/","url":"https:\/\/www.victorious-pharma.com\/sl\/o-nas\/","name":"O nas - Victorious Pharma","isPartOf":{"@id":"https:\/\/www.victorious-pharma.com\/sl\/#website"},"primaryImageOfPage":{"@id":"https:\/\/www.victorious-pharma.com\/sl\/o-nas\/#primaryimage"},"image":{"@id":"https:\/\/www.victorious-pharma.com\/sl\/o-nas\/#primaryimage"},"thumbnailUrl":"https:\/\/www.victorious-pharma.com\/wp-content\/uploads\/2025\/05\/minimal-background-for-cosmetic-branding-and-packa-2024-09-22-18-54-40-utc_2.jpg","datePublished":"2019-11-07T13:52:59+00:00","dateModified":"2025-06-10T10:30:51+00:00","breadcrumb":{"@id":"https:\/\/www.victorious-pharma.com\/sl\/o-nas\/#breadcrumb"},"inLanguage":"sl-SI","potentialAction":[{"@type":"ReadAction","target":["https:\/\/www.victorious-pharma.com\/sl\/o-nas\/"]}]},{"@type":"ImageObject","inLanguage":"sl-SI","@id":"https:\/\/www.victorious-pharma.com\/sl\/o-nas\/#primaryimage","url":"https:\/\/www.victorious-pharma.com\/wp-content\/uploads\/2025\/05\/minimal-background-for-cosmetic-branding-and-packa-2024-09-22-18-54-40-utc_2.jpg","contentUrl":"https:\/\/www.victorious-pharma.com\/wp-content\/uploads\/2025\/05\/minimal-background-for-cosmetic-branding-and-packa-2024-09-22-18-54-40-utc_2.jpg"},{"@type":"BreadcrumbList","@id":"https:\/\/www.victorious-pharma.com\/sl\/o-nas\/#breadcrumb","itemListElement":[{"@type":"ListItem","position":1,"name":"Home","item":"https:\/\/www.victorious-pharma.com\/sl\/"},{"@type":"ListItem","position":2,"name":"O nas"}]},{"@type":"WebSite","@id":"https:\/\/www.victorious-pharma.com\/sl\/#website","url":"https:\/\/www.victorious-pharma.com\/sl\/","name":"Victorious Pharma","description":"Your Product Deserves a Powerful Launch. Let\u2019s Make It Happen.","potentialAction":[{"@type":"SearchAction","target":{"@type":"EntryPoint","urlTemplate":"https:\/\/www.victorious-pharma.com\/sl\/?s={search_term_string}"},"query-input":{"@type":"PropertyValueSpecification","valueRequired":true,"valueName":"search_term_string"}}],"inLanguage":"sl-SI"}]}},"_links":{"self":[{"href":"https:\/\/www.victorious-pharma.com\/sl\/wp-json\/wp\/v2\/pages\/2599","targetHints":{"allow":["GET"]}}],"collection":[{"href":"https:\/\/www.victorious-pharma.com\/sl\/wp-json\/wp\/v2\/pages"}],"about":[{"href":"https:\/\/www.victorious-pharma.com\/sl\/wp-json\/wp\/v2\/types\/page"}],"author":[{"embeddable":true,"href":"https:\/\/www.victorious-pharma.com\/sl\/wp-json\/wp\/v2\/users\/1"}],"replies":[{"embeddable":true,"href":"https:\/\/www.victorious-pharma.com\/sl\/wp-json\/wp\/v2\/comments?post=2599"}],"version-history":[{"count":10,"href":"https:\/\/www.victorious-pharma.com\/sl\/wp-json\/wp\/v2\/pages\/2599\/revisions"}],"predecessor-version":[{"id":2747,"href":"https:\/\/www.victorious-pharma.com\/sl\/wp-json\/wp\/v2\/pages\/2599\/revisions\/2747"}],"wp:attachment":[{"href":"https:\/\/www.victorious-pharma.com\/sl\/wp-json\/wp\/v2\/media?parent=2599"}],"curies":[{"name":"wp","href":"https:\/\/api.w.org\/{rel}","templated":true}]}}