{"id":2607,"date":"2020-08-10T07:18:54","date_gmt":"2020-08-10T06:18:54","guid":{"rendered":"https:\/\/www.victorious-pharma.com\/projects\/"},"modified":"2025-06-10T10:46:25","modified_gmt":"2025-06-10T09:46:25","slug":"projekte","status":"publish","type":"page","link":"https:\/\/www.victorious-pharma.com\/de\/projekte\/","title":{"rendered":"Projekte"},"content":{"rendered":"\t\t<div data-elementor-type=\"wp-page\" data-elementor-id=\"2607\" class=\"elementor elementor-2607 elementor-1358\">\n\t\t\t\t<div class=\"elementor-element elementor-element-c96e44a e-flex e-con-boxed xts-section-disabled e-con e-parent\" data-id=\"c96e44a\" data-element_type=\"container\">\n\t\t\t\t\t<div class=\"e-con-inner\">\n\t\t\t\t<div class=\"elementor-element elementor-element-f4ef61f xts-width-100 elementor-widget elementor-widget-xts_title\" data-id=\"f4ef61f\" data-element_type=\"widget\" data-widget_type=\"xts_title.default\">\n\t\t\t\t<div class=\"elementor-widget-container\">\n\t\t\t\t\t\t\t\t<div class=\"xts-section-heading xts-reset-mb-10 xts-reset-last xts-textalign-left\" data-animation-delay=\"\">\n\t\t\t\t\n\t\t\t\t\t\t\t\t\t<h1 class=\"xts-section-title title xts-design-default xts-fontsize-xxl\">\n\t\t\t\t\t\t<span class=\"xts-section-title-text\" data-elementor-setting-key=\"title\">\n\t\t\t\t\t\t\tProjekte\t\t\t\t\t\t<\/span>\n\n\t\t\t\t\t\t\t\t\t\t\t<\/h1>\n\t\t\t\t\n\t\t\t\t\n\t\t\t\t\t\t\t<\/div>\n\t\t\t\t\t\t<\/div>\n\t\t\t\t<\/div>\n\t\t\t\t\t<\/div>\n\t\t\t\t<\/div>\n\t\t<div class=\"elementor-element elementor-element-fd14dc1 e-flex e-con-boxed xts-section-disabled e-con e-parent\" data-id=\"fd14dc1\" data-element_type=\"container\">\n\t\t\t\t\t<div class=\"e-con-inner\">\n\t\t<div class=\"elementor-element elementor-element-1b0f001 e-con-full e-flex xts-section-disabled e-con e-child\" data-id=\"1b0f001\" data-element_type=\"container\">\n\t\t<div class=\"elementor-element elementor-element-34d6412 e-con-full e-flex xts-section-disabled e-con e-child\" data-id=\"34d6412\" data-element_type=\"container\">\n\t\t\t\t<div class=\"elementor-element elementor-element-db400a6 xts-width-100 elementor-widget elementor-widget-xts_title\" data-id=\"db400a6\" data-element_type=\"widget\" data-widget_type=\"xts_title.default\">\n\t\t\t\t<div class=\"elementor-widget-container\">\n\t\t\t\t\t\t\t\t<div class=\"xts-section-heading xts-reset-mb-10 xts-reset-last xts-textalign-left\" data-animation-delay=\"\">\n\t\t\t\t\n\t\t\t\t\t\t\t\t\t<h4 class=\"xts-section-title title xts-design-default xts-fontsize-xl\">\n\t\t\t\t\t\t<span class=\"xts-section-title-text\" data-elementor-setting-key=\"title\">\n\t\t\t\t\t\t\tErfolgreiche Markteinf\u00fchrung von Nasovital in \u00d6sterreich \u2013 2025\t\t\t\t\t\t<\/span>\n\n\t\t\t\t\t\t\t\t\t\t\t<\/h4>\n\t\t\t\t\n\t\t\t\t\n\t\t\t\t\t\t\t<\/div>\n\t\t\t\t\t\t<\/div>\n\t\t\t\t<\/div>\n\t\t\t\t<div class=\"elementor-element elementor-element-8d37b58 xts-scheme-inherit xts-textalign-inherit elementor-widget elementor-widget-text-editor\" data-id=\"8d37b58\" data-element_type=\"widget\" data-widget_type=\"text-editor.default\">\n\t\t\t\t<div class=\"elementor-widget-container\">\n\t\t\t\t\t\t\t\t\t<p>Im Jahr 2025 brachte Victorious Pharma das Medizinprodukt&nbsp;<strong>Nasovital<\/strong> (Nasendusche) erfolgreich auf den \u00f6sterreichischen Markt. Nach der Unterzeichnung einer Vertriebsvereinbarung mit unserer Partnerfirma wurde das Produkt sowohl im <strong>B2B- (Apotheken, medizinisches Fachpersonal)<\/strong>&nbsp;als auch&nbsp;<strong>im B2C-<\/strong>&nbsp;Kundensegment eingef\u00fchrt.<\/p>\n<p>Das Projekt umfasste den&nbsp;<strong>gesamten Produktstart<\/strong>&nbsp;\u2013 von der Marktanalyse und Strategieentwicklung bis hin zur Umsetzung und Vermarktung. Unser Team leitete den gesamten Prozess, einschlie\u00dflich Positionierung, Aktivierung der Vertriebskette, Partnerengagement und Multichannel-Marketing, das sich sowohl an Verbraucher als auch an professionelle Stakeholder richtete.<\/p>\n<p>Diese Markteinf\u00fchrung ist ein Beweis f\u00fcr unsere F\u00e4higkeit,&nbsp;<strong>strategische Visionen in greifbare Marktergebnisse umzusetzen<\/strong>&nbsp;\u2013 schnell, effizient, unter vollst\u00e4ndiger Einhaltung der Vorschriften und mit messbarer Wirkung.<\/p>\t\t\t\t\t\t\t\t<\/div>\n\t\t\t\t<\/div>\n\t\t\t\t<div class=\"elementor-element elementor-element-9e6de6a xts-scheme-inherit xts-textalign-inherit elementor-widget elementor-widget-text-editor\" data-id=\"9e6de6a\" data-element_type=\"widget\" data-widget_type=\"text-editor.default\">\n\t\t\t\t<div class=\"elementor-widget-container\">\n\t\t\t\t\t\t\t\t\t<p><strong>Um mehr zu erfahren, besuchen Sie uns unter<\/strong>:\u00a0<a href=\"https:\/\/translate.google.com\/website?sl=en&amp;tl=de&amp;hl=sl&amp;client=webapp&amp;u=https:\/\/www.nasovital.de\/\" target=\"_blank\" rel=\"noopener noreferrer nofollow\">www.nasovital.de<\/a><\/p>\t\t\t\t\t\t\t\t<\/div>\n\t\t\t\t<\/div>\n\t\t\t\t<\/div>\n\t\t<div class=\"elementor-element elementor-element-fb4aec3 e-con-full e-flex xts-section-disabled e-con e-child\" data-id=\"fb4aec3\" data-element_type=\"container\">\n\t\t\t\t<div class=\"elementor-element elementor-element-2b19b71 e-transform elementor-widget-tablet__width-initial elementor-widget elementor-widget-xts_image\" data-id=\"2b19b71\" data-element_type=\"widget\" data-settings=\"{&quot;_transform_scale_effect_hover&quot;:{&quot;unit&quot;:&quot;px&quot;,&quot;size&quot;:1.01,&quot;sizes&quot;:[]},&quot;_transform_scale_effect_hover_tablet&quot;:{&quot;unit&quot;:&quot;px&quot;,&quot;size&quot;:&quot;&quot;,&quot;sizes&quot;:[]},&quot;_transform_scale_effect_hover_mobile&quot;:{&quot;unit&quot;:&quot;px&quot;,&quot;size&quot;:&quot;&quot;,&quot;sizes&quot;:[]}}\" data-widget_type=\"xts_image.default\">\n\t\t\t\t<div class=\"elementor-widget-container\">\n\t\t\t\t\t\t\t\t<div class=\"xts-image-single xts-textalign-center\">\n\t\t\t\t<figure class=\"xts-image\">\n\t\t\t\t\t\t\t\t\t\t\t<a  href=\"https:\/\/www.nasovital.de\/\" target=\"_blank\" class=\"xts-image-inner\" rel=\"noopener noreferrer nofollow\">\n\t\t\t\t\t\n\t\t\t\t\t\t<img fetchpriority=\"high\" decoding=\"async\" width=\"1203\" height=\"1206\" src=\"https:\/\/www.victorious-pharma.com\/wp-content\/uploads\/2025\/05\/Nasovital-product-photo-GIG-17-transparent_2c.jpg\" class=\"attachment-full size-full wp-image-2220\" alt=\"\" srcset=\"https:\/\/www.victorious-pharma.com\/wp-content\/uploads\/2025\/05\/Nasovital-product-photo-GIG-17-transparent_2c.jpg 1203w, https:\/\/www.victorious-pharma.com\/wp-content\/uploads\/2025\/05\/Nasovital-product-photo-GIG-17-transparent_2c-500x500.jpg 500w, https:\/\/www.victorious-pharma.com\/wp-content\/uploads\/2025\/05\/Nasovital-product-photo-GIG-17-transparent_2c-1021x1024.jpg 1021w, https:\/\/www.victorious-pharma.com\/wp-content\/uploads\/2025\/05\/Nasovital-product-photo-GIG-17-transparent_2c-150x150.jpg 150w, https:\/\/www.victorious-pharma.com\/wp-content\/uploads\/2025\/05\/Nasovital-product-photo-GIG-17-transparent_2c-768x770.jpg 768w\" sizes=\"(max-width: 1203px) 100vw, 1203px\" \/>\n\t\t\t\t\t\t\t\t\t\t\t<\/a>\n\t\t\t\t\t\n\t\t\t\t\t\t\t\t\t<\/figure>\n\n\t\t\t\t\t\t\t<\/div>\n\t\t\t\t\t\t<\/div>\n\t\t\t\t<\/div>\n\t\t\t\t<\/div>\n\t\t\t\t<\/div>\n\t\t\t\t\t<\/div>\n\t\t\t\t<\/div>\n\t\t<div class=\"elementor-element elementor-element-20c650d e-flex e-con-boxed xts-section-disabled e-con e-parent\" data-id=\"20c650d\" data-element_type=\"container\">\n\t\t\t\t\t<div class=\"e-con-inner\">\n\t\t<div class=\"elementor-element elementor-element-386ee99 e-con-full e-flex xts-section-disabled e-con e-child\" data-id=\"386ee99\" data-element_type=\"container\" data-settings=\"{&quot;background_background&quot;:&quot;classic&quot;}\">\n\t\t\t\t<div class=\"elementor-element elementor-element-56bd1e9 xts-width-100 elementor-widget elementor-widget-xts_title\" data-id=\"56bd1e9\" data-element_type=\"widget\" data-widget_type=\"xts_title.default\">\n\t\t\t\t<div class=\"elementor-widget-container\">\n\t\t\t\t\t\t\t\t<div class=\"xts-section-heading xts-reset-mb-10 xts-reset-last xts-textalign-left\" data-animation-delay=\"\">\n\t\t\t\t\n\t\t\t\t\t\t\t\t\t<h4 class=\"xts-section-title title xts-design-default xts-fontsize-xxl\">\n\t\t\t\t\t\t<span class=\"xts-section-title-text\" data-elementor-setting-key=\"title\">\n\t\t\t\t\t\t\tWir vereinfachen Ihren Weg von der Innovation zum Markt.\t\t\t\t\t\t<\/span>\n\n\t\t\t\t\t\t\t\t\t\t\t<\/h4>\n\t\t\t\t\n\t\t\t\t\n\t\t\t\t\t\t\t<\/div>\n\t\t\t\t\t\t<\/div>\n\t\t\t\t<\/div>\n\t\t\t\t<div class=\"elementor-element elementor-element-32708d6 elementor-widget elementor-widget-xts_button\" data-id=\"32708d6\" data-element_type=\"widget\" data-widget_type=\"xts_button.default\">\n\t\t\t\t<div class=\"elementor-widget-container\">\n\t\t\t\t\t\t\t\t<div class=\"xts-button-wrapper xts-textalign-left\" >\n\t\t\t\t\t\t\t\t\t<a class=\"xts-button xts-size-m xts-style-link xts-color-secondary\"  href=\"\/de\/kontakt\/\">\n\t\t\t\t\t\t<span class=\"xts-button-text\" data-elementor-setting-key=\"button_text\">\n\t\t\t\t\t\t\tSchreiben Sie uns\t\t\t\t\t\t<\/span>\n\n\t\t\t\t\t\t\t\t\t\t\t<\/a>\n\t\t\t\t\t\t\t<\/div>\n\t\t\t\t\t\t<\/div>\n\t\t\t\t<\/div>\n\t\t\t\t<\/div>\n\t\t<div class=\"elementor-element elementor-element-093aaf3 e-con-full e-flex xts-section-disabled e-con e-child\" data-id=\"093aaf3\" data-element_type=\"container\">\n\t\t\t\t<div class=\"elementor-element elementor-element-a214509 xts-animation-zoom-in xts-animation-normal elementor-widget elementor-widget-xts_image\" data-id=\"a214509\" data-element_type=\"widget\" data-widget_type=\"xts_image.default\">\n\t\t\t\t<div class=\"elementor-widget-container\">\n\t\t\t\t\t\t\t\t<div class=\"xts-image-single xts-textalign-center\">\n\t\t\t\t<figure class=\"xts-image\">\n\t\t\t\t\t\t\t\t\t\t\t<div class=\"xts-image-inner\">\n\t\t\t\t\t\n\t\t\t\t\t\t<img decoding=\"async\" width=\"1920\" height=\"1080\" src=\"https:\/\/www.victorious-pharma.com\/wp-content\/uploads\/2025\/05\/ship-rocket-launch-2024-10-23-08-30-08-utc_2.jpg\" class=\"attachment-full size-full wp-image-1996\" alt=\"\" srcset=\"https:\/\/www.victorious-pharma.com\/wp-content\/uploads\/2025\/05\/ship-rocket-launch-2024-10-23-08-30-08-utc_2.jpg 1920w, https:\/\/www.victorious-pharma.com\/wp-content\/uploads\/2025\/05\/ship-rocket-launch-2024-10-23-08-30-08-utc_2-500x281.jpg 500w, https:\/\/www.victorious-pharma.com\/wp-content\/uploads\/2025\/05\/ship-rocket-launch-2024-10-23-08-30-08-utc_2-1024x576.jpg 1024w, https:\/\/www.victorious-pharma.com\/wp-content\/uploads\/2025\/05\/ship-rocket-launch-2024-10-23-08-30-08-utc_2-768x432.jpg 768w, https:\/\/www.victorious-pharma.com\/wp-content\/uploads\/2025\/05\/ship-rocket-launch-2024-10-23-08-30-08-utc_2-1536x864.jpg 1536w\" sizes=\"(max-width: 1920px) 100vw, 1920px\" \/>\n\t\t\t\t\t\t\t\t\t\t\t<\/div>\n\t\t\t\t\t\n\t\t\t\t\t\t\t\t\t<\/figure>\n\n\t\t\t\t\t\t\t<\/div>\n\t\t\t\t\t\t<\/div>\n\t\t\t\t<\/div>\n\t\t\t\t<\/div>\n\t\t\t\t\t<\/div>\n\t\t\t\t<\/div>\n\t\t\t\t<\/div>\n\t\t","protected":false},"excerpt":{"rendered":"<p>Projekte Erfolgreiche Markteinf\u00fchrung von Nasovital in \u00d6sterreich \u2013 2025 Im Jahr 2025 brachte Victorious Pharma das Medizinprodukt&nbsp;Nasovital (Nasendusche) erfolgreich auf den \u00f6sterreichischen Markt. Nach der Unterzeichnung einer Vertriebsvereinbarung mit unserer Partnerfirma wurde das Produkt sowohl im B2B- (Apotheken, medizinisches Fachpersonal)&nbsp;als auch&nbsp;im B2C-&nbsp;Kundensegment eingef\u00fchrt. Das Projekt umfasste den&nbsp;gesamten Produktstart&nbsp;\u2013 von der Marktanalyse und Strategieentwicklung bis hin [&hellip;]<\/p>\n","protected":false},"author":1,"featured_media":0,"parent":0,"menu_order":0,"comment_status":"closed","ping_status":"closed","template":"elementor_header_footer","meta":{"iawp_total_views":23,"footnotes":""},"class_list":["post-2607","page","type-page","status-publish","hentry"],"yoast_head":"<!-- This site is optimized with the Yoast SEO plugin v26.8 - https:\/\/yoast.com\/product\/yoast-seo-wordpress\/ -->\n<title>Projekte - Victorious Pharma<\/title>\n<meta name=\"robots\" content=\"index, follow, max-snippet:-1, max-image-preview:large, max-video-preview:-1\" \/>\n<link rel=\"canonical\" href=\"https:\/\/www.victorious-pharma.com\/de\/projekte\/\" \/>\n<meta property=\"og:locale\" content=\"de_DE\" \/>\n<meta property=\"og:type\" content=\"article\" \/>\n<meta property=\"og:title\" content=\"Projekte - Victorious Pharma\" \/>\n<meta property=\"og:description\" content=\"Projekte Erfolgreiche Markteinf\u00fchrung von Nasovital in \u00d6sterreich \u2013 2025 Im Jahr 2025 brachte Victorious Pharma das Medizinprodukt&nbsp;Nasovital (Nasendusche) erfolgreich auf den \u00f6sterreichischen Markt. Nach der Unterzeichnung einer Vertriebsvereinbarung mit unserer Partnerfirma wurde das Produkt sowohl im B2B- (Apotheken, medizinisches Fachpersonal)&nbsp;als auch&nbsp;im B2C-&nbsp;Kundensegment eingef\u00fchrt. Das Projekt umfasste den&nbsp;gesamten Produktstart&nbsp;\u2013 von der Marktanalyse und Strategieentwicklung bis hin [&hellip;]\" \/>\n<meta property=\"og:url\" content=\"https:\/\/www.victorious-pharma.com\/de\/projekte\/\" \/>\n<meta property=\"og:site_name\" content=\"Victorious Pharma\" \/>\n<meta property=\"article:modified_time\" content=\"2025-06-10T09:46:25+00:00\" \/>\n<meta property=\"og:image\" content=\"https:\/\/www.victorious-pharma.com\/wp-content\/uploads\/2025\/05\/Nasovital-product-photo-GIG-17-transparent_2c.jpg\" \/>\n\t<meta property=\"og:image:width\" content=\"1203\" \/>\n\t<meta property=\"og:image:height\" content=\"1206\" \/>\n\t<meta property=\"og:image:type\" content=\"image\/jpeg\" \/>\n<meta name=\"twitter:card\" content=\"summary_large_image\" \/>\n<meta name=\"twitter:label1\" content=\"Gesch\u00e4tzte Lesezeit\" \/>\n\t<meta name=\"twitter:data1\" content=\"2\u00a0Minuten\" \/>\n<script type=\"application\/ld+json\" class=\"yoast-schema-graph\">{\"@context\":\"https:\/\/schema.org\",\"@graph\":[{\"@type\":\"WebPage\",\"@id\":\"https:\/\/www.victorious-pharma.com\/de\/projekte\/\",\"url\":\"https:\/\/www.victorious-pharma.com\/de\/projekte\/\",\"name\":\"Projekte - Victorious Pharma\",\"isPartOf\":{\"@id\":\"https:\/\/www.victorious-pharma.com\/de\/#website\"},\"primaryImageOfPage\":{\"@id\":\"https:\/\/www.victorious-pharma.com\/de\/projekte\/#primaryimage\"},\"image\":{\"@id\":\"https:\/\/www.victorious-pharma.com\/de\/projekte\/#primaryimage\"},\"thumbnailUrl\":\"https:\/\/www.victorious-pharma.com\/wp-content\/uploads\/2025\/05\/Nasovital-product-photo-GIG-17-transparent_2c.jpg\",\"datePublished\":\"2020-08-10T06:18:54+00:00\",\"dateModified\":\"2025-06-10T09:46:25+00:00\",\"breadcrumb\":{\"@id\":\"https:\/\/www.victorious-pharma.com\/de\/projekte\/#breadcrumb\"},\"inLanguage\":\"de\",\"potentialAction\":[{\"@type\":\"ReadAction\",\"target\":[\"https:\/\/www.victorious-pharma.com\/de\/projekte\/\"]}]},{\"@type\":\"ImageObject\",\"inLanguage\":\"de\",\"@id\":\"https:\/\/www.victorious-pharma.com\/de\/projekte\/#primaryimage\",\"url\":\"https:\/\/www.victorious-pharma.com\/wp-content\/uploads\/2025\/05\/Nasovital-product-photo-GIG-17-transparent_2c.jpg\",\"contentUrl\":\"https:\/\/www.victorious-pharma.com\/wp-content\/uploads\/2025\/05\/Nasovital-product-photo-GIG-17-transparent_2c.jpg\"},{\"@type\":\"BreadcrumbList\",\"@id\":\"https:\/\/www.victorious-pharma.com\/de\/projekte\/#breadcrumb\",\"itemListElement\":[{\"@type\":\"ListItem\",\"position\":1,\"name\":\"Home\",\"item\":\"https:\/\/www.victorious-pharma.com\/de\/\"},{\"@type\":\"ListItem\",\"position\":2,\"name\":\"Projekte\"}]},{\"@type\":\"WebSite\",\"@id\":\"https:\/\/www.victorious-pharma.com\/de\/#website\",\"url\":\"https:\/\/www.victorious-pharma.com\/de\/\",\"name\":\"Victorious Pharma\",\"description\":\"Your Product Deserves a Powerful Launch. Let\u2019s Make It Happen.\",\"potentialAction\":[{\"@type\":\"SearchAction\",\"target\":{\"@type\":\"EntryPoint\",\"urlTemplate\":\"https:\/\/www.victorious-pharma.com\/de\/?s={search_term_string}\"},\"query-input\":{\"@type\":\"PropertyValueSpecification\",\"valueRequired\":true,\"valueName\":\"search_term_string\"}}],\"inLanguage\":\"de\"}]}<\/script>\n<!-- \/ Yoast SEO plugin. -->","yoast_head_json":{"title":"Projekte - Victorious Pharma","robots":{"index":"index","follow":"follow","max-snippet":"max-snippet:-1","max-image-preview":"max-image-preview:large","max-video-preview":"max-video-preview:-1"},"canonical":"https:\/\/www.victorious-pharma.com\/de\/projekte\/","og_locale":"de_DE","og_type":"article","og_title":"Projekte - Victorious Pharma","og_description":"Projekte Erfolgreiche Markteinf\u00fchrung von Nasovital in \u00d6sterreich \u2013 2025 Im Jahr 2025 brachte Victorious Pharma das Medizinprodukt&nbsp;Nasovital (Nasendusche) erfolgreich auf den \u00f6sterreichischen Markt. Nach der Unterzeichnung einer Vertriebsvereinbarung mit unserer Partnerfirma wurde das Produkt sowohl im B2B- (Apotheken, medizinisches Fachpersonal)&nbsp;als auch&nbsp;im B2C-&nbsp;Kundensegment eingef\u00fchrt. Das Projekt umfasste den&nbsp;gesamten Produktstart&nbsp;\u2013 von der Marktanalyse und Strategieentwicklung bis hin [&hellip;]","og_url":"https:\/\/www.victorious-pharma.com\/de\/projekte\/","og_site_name":"Victorious Pharma","article_modified_time":"2025-06-10T09:46:25+00:00","og_image":[{"width":1203,"height":1206,"url":"https:\/\/www.victorious-pharma.com\/wp-content\/uploads\/2025\/05\/Nasovital-product-photo-GIG-17-transparent_2c.jpg","type":"image\/jpeg"}],"twitter_card":"summary_large_image","twitter_misc":{"Gesch\u00e4tzte Lesezeit":"2\u00a0Minuten"},"schema":{"@context":"https:\/\/schema.org","@graph":[{"@type":"WebPage","@id":"https:\/\/www.victorious-pharma.com\/de\/projekte\/","url":"https:\/\/www.victorious-pharma.com\/de\/projekte\/","name":"Projekte - Victorious Pharma","isPartOf":{"@id":"https:\/\/www.victorious-pharma.com\/de\/#website"},"primaryImageOfPage":{"@id":"https:\/\/www.victorious-pharma.com\/de\/projekte\/#primaryimage"},"image":{"@id":"https:\/\/www.victorious-pharma.com\/de\/projekte\/#primaryimage"},"thumbnailUrl":"https:\/\/www.victorious-pharma.com\/wp-content\/uploads\/2025\/05\/Nasovital-product-photo-GIG-17-transparent_2c.jpg","datePublished":"2020-08-10T06:18:54+00:00","dateModified":"2025-06-10T09:46:25+00:00","breadcrumb":{"@id":"https:\/\/www.victorious-pharma.com\/de\/projekte\/#breadcrumb"},"inLanguage":"de","potentialAction":[{"@type":"ReadAction","target":["https:\/\/www.victorious-pharma.com\/de\/projekte\/"]}]},{"@type":"ImageObject","inLanguage":"de","@id":"https:\/\/www.victorious-pharma.com\/de\/projekte\/#primaryimage","url":"https:\/\/www.victorious-pharma.com\/wp-content\/uploads\/2025\/05\/Nasovital-product-photo-GIG-17-transparent_2c.jpg","contentUrl":"https:\/\/www.victorious-pharma.com\/wp-content\/uploads\/2025\/05\/Nasovital-product-photo-GIG-17-transparent_2c.jpg"},{"@type":"BreadcrumbList","@id":"https:\/\/www.victorious-pharma.com\/de\/projekte\/#breadcrumb","itemListElement":[{"@type":"ListItem","position":1,"name":"Home","item":"https:\/\/www.victorious-pharma.com\/de\/"},{"@type":"ListItem","position":2,"name":"Projekte"}]},{"@type":"WebSite","@id":"https:\/\/www.victorious-pharma.com\/de\/#website","url":"https:\/\/www.victorious-pharma.com\/de\/","name":"Victorious Pharma","description":"Your Product Deserves a Powerful Launch. Let\u2019s Make It Happen.","potentialAction":[{"@type":"SearchAction","target":{"@type":"EntryPoint","urlTemplate":"https:\/\/www.victorious-pharma.com\/de\/?s={search_term_string}"},"query-input":{"@type":"PropertyValueSpecification","valueRequired":true,"valueName":"search_term_string"}}],"inLanguage":"de"}]}},"_links":{"self":[{"href":"https:\/\/www.victorious-pharma.com\/de\/wp-json\/wp\/v2\/pages\/2607","targetHints":{"allow":["GET"]}}],"collection":[{"href":"https:\/\/www.victorious-pharma.com\/de\/wp-json\/wp\/v2\/pages"}],"about":[{"href":"https:\/\/www.victorious-pharma.com\/de\/wp-json\/wp\/v2\/types\/page"}],"author":[{"embeddable":true,"href":"https:\/\/www.victorious-pharma.com\/de\/wp-json\/wp\/v2\/users\/1"}],"replies":[{"embeddable":true,"href":"https:\/\/www.victorious-pharma.com\/de\/wp-json\/wp\/v2\/comments?post=2607"}],"version-history":[{"count":14,"href":"https:\/\/www.victorious-pharma.com\/de\/wp-json\/wp\/v2\/pages\/2607\/revisions"}],"predecessor-version":[{"id":2730,"href":"https:\/\/www.victorious-pharma.com\/de\/wp-json\/wp\/v2\/pages\/2607\/revisions\/2730"}],"wp:attachment":[{"href":"https:\/\/www.victorious-pharma.com\/de\/wp-json\/wp\/v2\/media?parent=2607"}],"curies":[{"name":"wp","href":"https:\/\/api.w.org\/{rel}","templated":true}]}}