{"id":2598,"date":"2019-11-07T14:52:59","date_gmt":"2019-11-07T13:52:59","guid":{"rendered":"https:\/\/www.victorious-pharma.com\/about-us\/"},"modified":"2025-06-10T10:52:44","modified_gmt":"2025-06-10T09:52:44","slug":"ueber-uns","status":"publish","type":"page","link":"https:\/\/www.victorious-pharma.com\/de\/ueber-uns\/","title":{"rendered":"\u00dcber uns"},"content":{"rendered":"\t\t<div data-elementor-type=\"wp-page\" data-elementor-id=\"2598\" class=\"elementor elementor-2598 elementor-1918\">\n\t\t\t\t<div class=\"elementor-element elementor-element-ac0c616 e-flex e-con-boxed xts-section-disabled e-con e-parent\" data-id=\"ac0c616\" data-element_type=\"container\">\n\t\t\t\t\t<div class=\"e-con-inner\">\n\t\t<div class=\"elementor-element elementor-element-bee184d e-con-full e-flex xts-section-disabled e-con e-child\" data-id=\"bee184d\" data-element_type=\"container\">\n\t\t\t\t<div class=\"elementor-element elementor-element-2ba9727 xts-width-100 elementor-widget elementor-widget-xts_title\" data-id=\"2ba9727\" data-element_type=\"widget\" data-widget_type=\"xts_title.default\">\n\t\t\t\t<div class=\"elementor-widget-container\">\n\t\t\t\t\t\t\t\t<div class=\"xts-section-heading xts-reset-mb-10 xts-reset-last xts-textalign-left\" data-animation-delay=\"\">\n\t\t\t\t\n\t\t\t\t\t\t\t\t\t<h1 class=\"xts-section-title title xts-design-default xts-fontsize-xl\">\n\t\t\t\t\t\t<span class=\"xts-section-title-text\" data-elementor-setting-key=\"title\">\n\t\t\t\t\t\t\t\u00dcber uns\t\t\t\t\t\t<\/span>\n\n\t\t\t\t\t\t\t\t\t\t\t<\/h1>\n\t\t\t\t\n\t\t\t\t\n\t\t\t\t\t\t\t<\/div>\n\t\t\t\t\t\t<\/div>\n\t\t\t\t<\/div>\n\t\t\t\t<div class=\"elementor-element elementor-element-d101283 xts-scheme-inherit xts-textalign-inherit elementor-widget elementor-widget-text-editor\" data-id=\"d101283\" data-element_type=\"widget\" data-widget_type=\"text-editor.default\">\n\t\t\t\t<div class=\"elementor-widget-container\">\n\t\t\t\t\t\t\t\t\t<p><span>Victorious Pharma ist bestrebt, der bevorzugte Partner f\u00fcr die Markteinf\u00fchrung neuer Medikamente oder Medizinprodukte in Mitteleuropa zu sein. Wir wissen, dass ein kompetenter Partner eine entscheidende Rolle bei der erfolgreichen Markteinf\u00fchrung eines neuen Medikaments oder Medizinprodukts spielen kann.<\/span><\/p><p><span>Unser Ziel ist es, unsere Partner bei der Erzielung hervorragender Produkteinf\u00fchrungen zu unterst\u00fctzen \u2013 sei es durch Beratungsleistungen, operative Unterst\u00fctzung oder indem wir im Rahmen von Vertriebsvereinbarungen f\u00fcr bestimmte Gebiete und Portfolios die volle Verantwortung f\u00fcr Produkteinf\u00fchrungen \u00fcbernehmen.<\/span><\/p><p><span>Mit einem starken Engagement f\u00fcr Qualit\u00e4t und einem Fokus auf messbare Ergebnisse ist Victorious Pharma Ihr zuverl\u00e4ssiger Partner f\u00fcr die F\u00f6rderung des Wachstums in der Region.<\/span><\/p>\t\t\t\t\t\t\t\t<\/div>\n\t\t\t\t<\/div>\n\t\t\t\t<\/div>\n\t\t<div class=\"elementor-element elementor-element-9539848 e-con-full e-flex xts-section-disabled e-con e-child\" data-id=\"9539848\" data-element_type=\"container\">\n\t\t\t\t<div class=\"elementor-element elementor-element-9e1101e elementor-widget-tablet__width-initial elementor-widget elementor-widget-xts_image\" data-id=\"9e1101e\" data-element_type=\"widget\" data-widget_type=\"xts_image.default\">\n\t\t\t\t<div class=\"elementor-widget-container\">\n\t\t\t\t\t\t\t\t<div class=\"xts-image-single xts-textalign-center\">\n\t\t\t\t<figure class=\"xts-image\">\n\t\t\t\t\t\t\t\t\t\t\t<a  href=\"https:\/\/www.nasovital.de\/\" target=\"_blank\" class=\"xts-image-inner\" rel=\"noopener noreferrer nofollow\">\n\t\t\t\t\t\n\t\t\t\t\t\t<img fetchpriority=\"high\" decoding=\"async\" width=\"1600\" height=\"960\" src=\"https:\/\/www.victorious-pharma.com\/wp-content\/uploads\/2025\/05\/minimal-background-for-cosmetic-branding-and-packa-2024-09-22-18-54-40-utc_2.jpg\" class=\"attachment-full size-full wp-image-2058\" alt=\"\" srcset=\"https:\/\/www.victorious-pharma.com\/wp-content\/uploads\/2025\/05\/minimal-background-for-cosmetic-branding-and-packa-2024-09-22-18-54-40-utc_2.jpg 1600w, https:\/\/www.victorious-pharma.com\/wp-content\/uploads\/2025\/05\/minimal-background-for-cosmetic-branding-and-packa-2024-09-22-18-54-40-utc_2-500x300.jpg 500w, https:\/\/www.victorious-pharma.com\/wp-content\/uploads\/2025\/05\/minimal-background-for-cosmetic-branding-and-packa-2024-09-22-18-54-40-utc_2-1024x614.jpg 1024w, https:\/\/www.victorious-pharma.com\/wp-content\/uploads\/2025\/05\/minimal-background-for-cosmetic-branding-and-packa-2024-09-22-18-54-40-utc_2-768x461.jpg 768w, https:\/\/www.victorious-pharma.com\/wp-content\/uploads\/2025\/05\/minimal-background-for-cosmetic-branding-and-packa-2024-09-22-18-54-40-utc_2-1536x922.jpg 1536w\" sizes=\"(max-width: 1600px) 100vw, 1600px\" \/>\n\t\t\t\t\t\t\t\t\t\t\t<\/a>\n\t\t\t\t\t\n\t\t\t\t\t\t\t\t\t<\/figure>\n\n\t\t\t\t\t\t\t<\/div>\n\t\t\t\t\t\t<\/div>\n\t\t\t\t<\/div>\n\t\t\t\t<\/div>\n\t\t\t\t\t<\/div>\n\t\t\t\t<\/div>\n\t\t<div class=\"elementor-element elementor-element-652089b e-flex e-con-boxed xts-section-disabled e-con e-parent\" data-id=\"652089b\" data-element_type=\"container\">\n\t\t\t\t\t<div class=\"e-con-inner\">\n\t\t<div class=\"elementor-element elementor-element-7875023 e-con-full e-flex xts-section-disabled e-con e-child\" data-id=\"7875023\" data-element_type=\"container\" data-settings=\"{&quot;background_background&quot;:&quot;classic&quot;}\">\n\t\t\t\t<div class=\"elementor-element elementor-element-c56439c elementor-widget__width-auto elementor-widget-tablet__width-initial xts-width-100 elementor-widget elementor-widget-xts_title\" data-id=\"c56439c\" data-element_type=\"widget\" data-widget_type=\"xts_title.default\">\n\t\t\t\t<div class=\"elementor-widget-container\">\n\t\t\t\t\t\t\t\t<div class=\"xts-section-heading xts-reset-mb-10 xts-reset-last xts-textalign-left\" data-animation-delay=\"\">\n\t\t\t\t\n\t\t\t\t\t\t\t\t\t<h4 class=\"xts-section-title title xts-design-default xts-fontsize-xl\">\n\t\t\t\t\t\t<span class=\"xts-section-title-text\" data-elementor-setting-key=\"title\">\n\t\t\t\t\t\t\tWarum eine Partnerschaft mit Victorious Pharma?\t\t\t\t\t\t<\/span>\n\n\t\t\t\t\t\t\t\t\t\t\t<\/h4>\n\t\t\t\t\n\t\t\t\t\n\t\t\t\t\t\t\t<\/div>\n\t\t\t\t\t\t<\/div>\n\t\t\t\t<\/div>\n\t\t\t\t<div class=\"elementor-element elementor-element-8dfb2a5 xts-scheme-inherit xts-textalign-inherit elementor-widget elementor-widget-text-editor\" data-id=\"8dfb2a5\" data-element_type=\"widget\" data-widget_type=\"text-editor.default\">\n\t\t\t\t<div class=\"elementor-widget-container\">\n\t\t\t\t\t\t\t\t\t<ul>\n<li>\u00dcber 20 Jahre Erfahrung in der Markteinf\u00fchrung pharmazeutischer Produkte f\u00fcr gro\u00dfe internationale<br>Unternehmen.<\/li>\n<li>Nachgewiesene Erfolgsbilanz mit \u00fcber 10 erfolgreichen Produkteinf\u00fchrungen in mitteleurop\u00e4ischen<br>L\u00e4ndern: \u00d6sterreich, Slowenien, Kroatien, Bosnien, Serbien, Slowakei, Tschechische Republik und&nbsp;Ungarn.<\/li>\n<li>Therapeutisches Fachwissen in den Bereichen seltene Krankheiten, Onkologie, Herz-Kreislauf-, Nieren- und<br>Stoffwechselerkrankungen.<\/li>\n<li>Marktf\u00fchrerschaft in der Zeit bis zur Markteinf\u00fchrung: Erreichen der Marktf\u00fchrerschaft innerhalb von 18 bis 30 Monaten nach der Erstattung.<\/li>\n<li>Erfahrenes und engagiertes Team: Unsere handverlesenen Fachleute bringen 5 bis \u00fcber 20 Jahre<br>Erfahrung im Pharmabereich und umfassende Kenntnisse der lokalen M\u00e4rkte mit \u2013 so wird sichergestellt, dass Ihre Markteinf\u00fchrung pr\u00e4zise und wirkungsvoll durchgef\u00fchrt wird.<\/li>\n<\/ul>\t\t\t\t\t\t\t\t<\/div>\n\t\t\t\t<\/div>\n\t\t\t\t<\/div>\n\t\t\t\t\t<\/div>\n\t\t\t\t<\/div>\n\t\t<div class=\"elementor-element elementor-element-48332e4 e-flex e-con-boxed xts-section-disabled e-con e-parent\" data-id=\"48332e4\" data-element_type=\"container\">\n\t\t\t\t\t<div class=\"e-con-inner\">\n\t\t\t\t<div class=\"elementor-element elementor-element-e8233fa xts-width-100 elementor-widget elementor-widget-xts_title\" data-id=\"e8233fa\" data-element_type=\"widget\" data-widget_type=\"xts_title.default\">\n\t\t\t\t<div class=\"elementor-widget-container\">\n\t\t\t\t\t\t\t\t<div class=\"xts-section-heading xts-reset-mb-10 xts-reset-last xts-textalign-left\" data-animation-delay=\"\">\n\t\t\t\t\n\t\t\t\t\t\t\t\t\t<h4 class=\"xts-section-title title xts-design-default xts-fontsize-xl\">\n\t\t\t\t\t\t<span class=\"xts-section-title-text\" data-elementor-setting-key=\"title\">\n\t\t\t\t\t\t\tVision\t\t\t\t\t\t<\/span>\n\n\t\t\t\t\t\t\t\t\t\t\t<\/h4>\n\t\t\t\t\n\t\t\t\t\n\t\t\t\t\t\t\t<\/div>\n\t\t\t\t\t\t<\/div>\n\t\t\t\t<\/div>\n\t\t\t\t<div class=\"elementor-element elementor-element-fb5830d xts-scheme-inherit xts-textalign-inherit elementor-widget elementor-widget-text-editor\" data-id=\"fb5830d\" data-element_type=\"widget\" data-widget_type=\"text-editor.default\">\n\t\t\t\t<div class=\"elementor-widget-container\">\n\t\t\t\t\t\t\t\t\t<p><strong>Unsere Vision ist es, der bevorzugte Partner<\/strong> f\u00fcr Biopharma und Medizintechnikunternehmen zu werden, die ihre Produkte auf den mitteleurop\u00e4ischen M\u00e4rkten einf\u00fchren m\u00f6chten.<\/p>\t\t\t\t\t\t\t\t<\/div>\n\t\t\t\t<\/div>\n\t\t\t\t<div class=\"elementor-element elementor-element-3cbe55b xts-width-100 elementor-widget elementor-widget-xts_title\" data-id=\"3cbe55b\" data-element_type=\"widget\" data-settings=\"{&quot;_animation&quot;:&quot;none&quot;}\" data-widget_type=\"xts_title.default\">\n\t\t\t\t<div class=\"elementor-widget-container\">\n\t\t\t\t\t\t\t\t<div class=\"xts-section-heading xts-reset-mb-10 xts-reset-last xts-textalign-left\" data-animation-delay=\"\">\n\t\t\t\t\n\t\t\t\t\t\t\t\t\t<h4 class=\"xts-section-title title xts-design-default xts-fontsize-xl\">\n\t\t\t\t\t\t<span class=\"xts-section-title-text\" data-elementor-setting-key=\"title\">\n\t\t\t\t\t\t\tMission\t\t\t\t\t\t<\/span>\n\n\t\t\t\t\t\t\t\t\t\t\t<\/h4>\n\t\t\t\t\n\t\t\t\t\n\t\t\t\t\t\t\t<\/div>\n\t\t\t\t\t\t<\/div>\n\t\t\t\t<\/div>\n\t\t\t\t<div class=\"elementor-element elementor-element-c02c93c xts-scheme-inherit xts-textalign-inherit elementor-widget elementor-widget-text-editor\" data-id=\"c02c93c\" data-element_type=\"widget\" data-widget_type=\"text-editor.default\">\n\t\t\t\t<div class=\"elementor-widget-container\">\n\t\t\t\t\t\t\t\t\t<p>Unsere Mission ist es, <strong>Pharmaunternehmen dabei zu unterst\u00fctzen<\/strong>, innovative Therapien auf den Markt zu bringen, Patienten einen zeitnahen Zugang zu erm\u00f6glichen und gemeinsam moderne Behandlungsstrategien zu entwickeln. Gemeinsam wollen wir eine ges\u00fcndere Zukunft f\u00fcr die Patient:innen in der gesamten Region gestalten.<\/p>\t\t\t\t\t\t\t\t<\/div>\n\t\t\t\t<\/div>\n\t\t\t\t<div class=\"elementor-element elementor-element-6569b99 xts-width-100 elementor-widget elementor-widget-xts_title\" data-id=\"6569b99\" data-element_type=\"widget\" data-widget_type=\"xts_title.default\">\n\t\t\t\t<div class=\"elementor-widget-container\">\n\t\t\t\t\t\t\t\t<div class=\"xts-section-heading xts-reset-mb-10 xts-reset-last xts-textalign-left\" data-animation-delay=\"\">\n\t\t\t\t\n\t\t\t\t\t\t\t\t\t<h4 class=\"xts-section-title title xts-design-default xts-fontsize-xl\">\n\t\t\t\t\t\t<span class=\"xts-section-title-text\" data-elementor-setting-key=\"title\">\n\t\t\t\t\t\t\tUnser Alleinstellungsmerkmal\t\t\t\t\t\t<\/span>\n\n\t\t\t\t\t\t\t\t\t\t\t<\/h4>\n\t\t\t\t\n\t\t\t\t\n\t\t\t\t\t\t\t<\/div>\n\t\t\t\t\t\t<\/div>\n\t\t\t\t<\/div>\n\t\t\t\t<div class=\"elementor-element elementor-element-ed1da1d xts-scheme-inherit xts-textalign-inherit elementor-widget elementor-widget-text-editor\" data-id=\"ed1da1d\" data-element_type=\"widget\" data-widget_type=\"text-editor.default\">\n\t\t\t\t<div class=\"elementor-widget-container\">\n\t\t\t\t\t\t\t\t\t<p>Als\u00a0<strong>flexibles und engagiertes Unternehmen<\/strong>\u00a0bieten wir f\u00fcr jede Partnerschaft einen praxisorientierten, individuellen Ansatz. Unsere Werte \u2013\u00a0<strong>Qualit\u00e4t, Integrit\u00e4t und Exzellenz<\/strong>\u00a0\u2013 spiegeln sich in jedem unserer Schritte wider.<\/p><p>Wir legen Wert auf\u00a0<strong>langfristige Beziehungen<\/strong>\u00a0zu unseren Kunden, Partnern und Patientenorganisationen und legen dabei Wert auf Zusammenarbeit und Vertrauen. Unser Team passt sich kontinuierlich an und entwickelt sich weiter, um den dynamischen Anforderungen des Gesundheitsmarktes gerecht zu werden.<\/p><p>Wir bei Victorious Pharma glauben an\u00a0<strong>ma\u00dfgeschneiderte Einf\u00fchrungsstrategien<\/strong>, die auf Ihre Ziele abgestimmt sind. So gew\u00e4hrleisten wir nicht nur eine erfolgreiche Produkteinf\u00fchrung, sondern auch eine, die\u00a0<strong>die Erwartungen \u00fcbertrifft und echte Wirkung erzielt<\/strong>.<\/p>\t\t\t\t\t\t\t\t<\/div>\n\t\t\t\t<\/div>\n\t\t\t\t\t<\/div>\n\t\t\t\t<\/div>\n\t\t\t\t<\/div>\n\t\t","protected":false},"excerpt":{"rendered":"<p>\u00dcber uns Victorious Pharma ist bestrebt, der bevorzugte Partner f\u00fcr die Markteinf\u00fchrung neuer Medikamente oder Medizinprodukte in Mitteleuropa zu sein. Wir wissen, dass ein kompetenter Partner eine entscheidende Rolle bei der erfolgreichen Markteinf\u00fchrung eines neuen Medikaments oder Medizinprodukts spielen kann. Unser Ziel ist es, unsere Partner bei der Erzielung hervorragender Produkteinf\u00fchrungen zu unterst\u00fctzen \u2013 sei [&hellip;]<\/p>\n","protected":false},"author":1,"featured_media":0,"parent":0,"menu_order":0,"comment_status":"closed","ping_status":"closed","template":"elementor_header_footer","meta":{"iawp_total_views":30,"footnotes":""},"class_list":["post-2598","page","type-page","status-publish","hentry"],"yoast_head":"<!-- This site is optimized with the Yoast SEO plugin v26.8 - https:\/\/yoast.com\/product\/yoast-seo-wordpress\/ -->\n<title>\u00dcber uns - Victorious Pharma<\/title>\n<meta name=\"robots\" content=\"index, follow, max-snippet:-1, max-image-preview:large, max-video-preview:-1\" \/>\n<link rel=\"canonical\" href=\"https:\/\/www.victorious-pharma.com\/de\/ueber-uns\/\" \/>\n<meta property=\"og:locale\" content=\"de_DE\" \/>\n<meta property=\"og:type\" content=\"article\" \/>\n<meta property=\"og:title\" content=\"\u00dcber uns - Victorious Pharma\" \/>\n<meta property=\"og:description\" content=\"\u00dcber uns Victorious Pharma ist bestrebt, der bevorzugte Partner f\u00fcr die Markteinf\u00fchrung neuer Medikamente oder Medizinprodukte in Mitteleuropa zu sein. Wir wissen, dass ein kompetenter Partner eine entscheidende Rolle bei der erfolgreichen Markteinf\u00fchrung eines neuen Medikaments oder Medizinprodukts spielen kann. Unser Ziel ist es, unsere Partner bei der Erzielung hervorragender Produkteinf\u00fchrungen zu unterst\u00fctzen \u2013 sei [&hellip;]\" \/>\n<meta property=\"og:url\" content=\"https:\/\/www.victorious-pharma.com\/de\/ueber-uns\/\" \/>\n<meta property=\"og:site_name\" content=\"Victorious Pharma\" \/>\n<meta property=\"article:modified_time\" content=\"2025-06-10T09:52:44+00:00\" \/>\n<meta property=\"og:image\" content=\"https:\/\/www.victorious-pharma.com\/wp-content\/uploads\/2025\/05\/minimal-background-for-cosmetic-branding-and-packa-2024-09-22-18-54-40-utc_2.jpg\" \/>\n\t<meta property=\"og:image:width\" content=\"1600\" \/>\n\t<meta property=\"og:image:height\" content=\"960\" \/>\n\t<meta property=\"og:image:type\" content=\"image\/jpeg\" \/>\n<meta name=\"twitter:card\" content=\"summary_large_image\" \/>\n<meta name=\"twitter:label1\" content=\"Gesch\u00e4tzte Lesezeit\" \/>\n\t<meta name=\"twitter:data1\" content=\"3\u00a0Minuten\" \/>\n<script type=\"application\/ld+json\" class=\"yoast-schema-graph\">{\"@context\":\"https:\/\/schema.org\",\"@graph\":[{\"@type\":\"WebPage\",\"@id\":\"https:\/\/www.victorious-pharma.com\/de\/ueber-uns\/\",\"url\":\"https:\/\/www.victorious-pharma.com\/de\/ueber-uns\/\",\"name\":\"\u00dcber uns - Victorious Pharma\",\"isPartOf\":{\"@id\":\"https:\/\/www.victorious-pharma.com\/de\/#website\"},\"primaryImageOfPage\":{\"@id\":\"https:\/\/www.victorious-pharma.com\/de\/ueber-uns\/#primaryimage\"},\"image\":{\"@id\":\"https:\/\/www.victorious-pharma.com\/de\/ueber-uns\/#primaryimage\"},\"thumbnailUrl\":\"https:\/\/www.victorious-pharma.com\/wp-content\/uploads\/2025\/05\/minimal-background-for-cosmetic-branding-and-packa-2024-09-22-18-54-40-utc_2.jpg\",\"datePublished\":\"2019-11-07T13:52:59+00:00\",\"dateModified\":\"2025-06-10T09:52:44+00:00\",\"breadcrumb\":{\"@id\":\"https:\/\/www.victorious-pharma.com\/de\/ueber-uns\/#breadcrumb\"},\"inLanguage\":\"de\",\"potentialAction\":[{\"@type\":\"ReadAction\",\"target\":[\"https:\/\/www.victorious-pharma.com\/de\/ueber-uns\/\"]}]},{\"@type\":\"ImageObject\",\"inLanguage\":\"de\",\"@id\":\"https:\/\/www.victorious-pharma.com\/de\/ueber-uns\/#primaryimage\",\"url\":\"https:\/\/www.victorious-pharma.com\/wp-content\/uploads\/2025\/05\/minimal-background-for-cosmetic-branding-and-packa-2024-09-22-18-54-40-utc_2.jpg\",\"contentUrl\":\"https:\/\/www.victorious-pharma.com\/wp-content\/uploads\/2025\/05\/minimal-background-for-cosmetic-branding-and-packa-2024-09-22-18-54-40-utc_2.jpg\"},{\"@type\":\"BreadcrumbList\",\"@id\":\"https:\/\/www.victorious-pharma.com\/de\/ueber-uns\/#breadcrumb\",\"itemListElement\":[{\"@type\":\"ListItem\",\"position\":1,\"name\":\"Home\",\"item\":\"https:\/\/www.victorious-pharma.com\/de\/\"},{\"@type\":\"ListItem\",\"position\":2,\"name\":\"\u00dcber uns\"}]},{\"@type\":\"WebSite\",\"@id\":\"https:\/\/www.victorious-pharma.com\/de\/#website\",\"url\":\"https:\/\/www.victorious-pharma.com\/de\/\",\"name\":\"Victorious Pharma\",\"description\":\"Your Product Deserves a Powerful Launch. Let\u2019s Make It Happen.\",\"potentialAction\":[{\"@type\":\"SearchAction\",\"target\":{\"@type\":\"EntryPoint\",\"urlTemplate\":\"https:\/\/www.victorious-pharma.com\/de\/?s={search_term_string}\"},\"query-input\":{\"@type\":\"PropertyValueSpecification\",\"valueRequired\":true,\"valueName\":\"search_term_string\"}}],\"inLanguage\":\"de\"}]}<\/script>\n<!-- \/ Yoast SEO plugin. -->","yoast_head_json":{"title":"\u00dcber uns - Victorious Pharma","robots":{"index":"index","follow":"follow","max-snippet":"max-snippet:-1","max-image-preview":"max-image-preview:large","max-video-preview":"max-video-preview:-1"},"canonical":"https:\/\/www.victorious-pharma.com\/de\/ueber-uns\/","og_locale":"de_DE","og_type":"article","og_title":"\u00dcber uns - Victorious Pharma","og_description":"\u00dcber uns Victorious Pharma ist bestrebt, der bevorzugte Partner f\u00fcr die Markteinf\u00fchrung neuer Medikamente oder Medizinprodukte in Mitteleuropa zu sein. Wir wissen, dass ein kompetenter Partner eine entscheidende Rolle bei der erfolgreichen Markteinf\u00fchrung eines neuen Medikaments oder Medizinprodukts spielen kann. Unser Ziel ist es, unsere Partner bei der Erzielung hervorragender Produkteinf\u00fchrungen zu unterst\u00fctzen \u2013 sei [&hellip;]","og_url":"https:\/\/www.victorious-pharma.com\/de\/ueber-uns\/","og_site_name":"Victorious Pharma","article_modified_time":"2025-06-10T09:52:44+00:00","og_image":[{"width":1600,"height":960,"url":"https:\/\/www.victorious-pharma.com\/wp-content\/uploads\/2025\/05\/minimal-background-for-cosmetic-branding-and-packa-2024-09-22-18-54-40-utc_2.jpg","type":"image\/jpeg"}],"twitter_card":"summary_large_image","twitter_misc":{"Gesch\u00e4tzte Lesezeit":"3\u00a0Minuten"},"schema":{"@context":"https:\/\/schema.org","@graph":[{"@type":"WebPage","@id":"https:\/\/www.victorious-pharma.com\/de\/ueber-uns\/","url":"https:\/\/www.victorious-pharma.com\/de\/ueber-uns\/","name":"\u00dcber uns - Victorious Pharma","isPartOf":{"@id":"https:\/\/www.victorious-pharma.com\/de\/#website"},"primaryImageOfPage":{"@id":"https:\/\/www.victorious-pharma.com\/de\/ueber-uns\/#primaryimage"},"image":{"@id":"https:\/\/www.victorious-pharma.com\/de\/ueber-uns\/#primaryimage"},"thumbnailUrl":"https:\/\/www.victorious-pharma.com\/wp-content\/uploads\/2025\/05\/minimal-background-for-cosmetic-branding-and-packa-2024-09-22-18-54-40-utc_2.jpg","datePublished":"2019-11-07T13:52:59+00:00","dateModified":"2025-06-10T09:52:44+00:00","breadcrumb":{"@id":"https:\/\/www.victorious-pharma.com\/de\/ueber-uns\/#breadcrumb"},"inLanguage":"de","potentialAction":[{"@type":"ReadAction","target":["https:\/\/www.victorious-pharma.com\/de\/ueber-uns\/"]}]},{"@type":"ImageObject","inLanguage":"de","@id":"https:\/\/www.victorious-pharma.com\/de\/ueber-uns\/#primaryimage","url":"https:\/\/www.victorious-pharma.com\/wp-content\/uploads\/2025\/05\/minimal-background-for-cosmetic-branding-and-packa-2024-09-22-18-54-40-utc_2.jpg","contentUrl":"https:\/\/www.victorious-pharma.com\/wp-content\/uploads\/2025\/05\/minimal-background-for-cosmetic-branding-and-packa-2024-09-22-18-54-40-utc_2.jpg"},{"@type":"BreadcrumbList","@id":"https:\/\/www.victorious-pharma.com\/de\/ueber-uns\/#breadcrumb","itemListElement":[{"@type":"ListItem","position":1,"name":"Home","item":"https:\/\/www.victorious-pharma.com\/de\/"},{"@type":"ListItem","position":2,"name":"\u00dcber uns"}]},{"@type":"WebSite","@id":"https:\/\/www.victorious-pharma.com\/de\/#website","url":"https:\/\/www.victorious-pharma.com\/de\/","name":"Victorious Pharma","description":"Your Product Deserves a Powerful Launch. Let\u2019s Make It Happen.","potentialAction":[{"@type":"SearchAction","target":{"@type":"EntryPoint","urlTemplate":"https:\/\/www.victorious-pharma.com\/de\/?s={search_term_string}"},"query-input":{"@type":"PropertyValueSpecification","valueRequired":true,"valueName":"search_term_string"}}],"inLanguage":"de"}]}},"_links":{"self":[{"href":"https:\/\/www.victorious-pharma.com\/de\/wp-json\/wp\/v2\/pages\/2598","targetHints":{"allow":["GET"]}}],"collection":[{"href":"https:\/\/www.victorious-pharma.com\/de\/wp-json\/wp\/v2\/pages"}],"about":[{"href":"https:\/\/www.victorious-pharma.com\/de\/wp-json\/wp\/v2\/types\/page"}],"author":[{"embeddable":true,"href":"https:\/\/www.victorious-pharma.com\/de\/wp-json\/wp\/v2\/users\/1"}],"replies":[{"embeddable":true,"href":"https:\/\/www.victorious-pharma.com\/de\/wp-json\/wp\/v2\/comments?post=2598"}],"version-history":[{"count":13,"href":"https:\/\/www.victorious-pharma.com\/de\/wp-json\/wp\/v2\/pages\/2598\/revisions"}],"predecessor-version":[{"id":2736,"href":"https:\/\/www.victorious-pharma.com\/de\/wp-json\/wp\/v2\/pages\/2598\/revisions\/2736"}],"wp:attachment":[{"href":"https:\/\/www.victorious-pharma.com\/de\/wp-json\/wp\/v2\/media?parent=2598"}],"curies":[{"name":"wp","href":"https:\/\/api.w.org\/{rel}","templated":true}]}}